{"id":70,"date":"2023-06-02T12:16:37","date_gmt":"2023-06-02T10:16:37","guid":{"rendered":"https:\/\/chateaudesanges.com\/?page_id=70"},"modified":"2025-04-09T10:17:16","modified_gmt":"2025-04-09T08:17:16","slug":"wedding-domain-isere","status":"publish","type":"page","link":"https:\/\/chateaudesanges.com\/en\/domaine-pour-mariage-isere\/","title":{"rendered":"News"},"content":{"rendered":"<div data-elementor-type=\"wp-page\" data-elementor-id=\"70\" class=\"elementor elementor-70\" data-elementor-post-type=\"page\">\n\t\t\t\t<div class=\"elementor-element elementor-element-de71edb e-con-full e-flex e-con e-parent\" data-id=\"de71edb\" data-element_type=\"container\" data-e-type=\"container\" id=\"top\" data-settings=\"{&quot;background_background&quot;:&quot;classic&quot;}\">\n\t\t\t\t<div class=\"elementor-element elementor-element-3722343 elementor-widget elementor-widget-heading\" data-id=\"3722343\" data-element_type=\"widget\" data-e-type=\"widget\" data-widget_type=\"heading.default\">\n\t\t\t\t<div class=\"elementor-widget-container\">\n\t\t\t\t\t<h1 class=\"elementor-heading-title elementor-size-default\">News from the castle<\/h1>\t\t\t\t<\/div>\n\t\t\t\t<\/div>\n\t\t\t\t<\/div>\n\t\t<div class=\"elementor-element elementor-element-c1b5fe9 e-flex e-con-boxed e-con e-parent\" data-id=\"c1b5fe9\" data-element_type=\"container\" data-e-type=\"container\" id=\"first-content\">\n\t\t\t\t\t<div class=\"e-con-inner\">\n\t\t\t\t<div class=\"elementor-element elementor-element-6349397 elementor-widget elementor-widget-heading\" data-id=\"6349397\" data-element_type=\"widget\" data-e-type=\"widget\" data-widget_type=\"heading.default\">\n\t\t\t\t<div class=\"elementor-widget-container\">\n\t\t\t\t\t<p class=\"elementor-heading-title elementor-size-default\">News<\/p>\t\t\t\t<\/div>\n\t\t\t\t<\/div>\n\t\t\t\t\t<\/div>\n\t\t\t\t<\/div>\n\t\t<div class=\"elementor-element elementor-element-e9dfa5a e-flex e-con-boxed e-con e-parent\" data-id=\"e9dfa5a\" data-element_type=\"container\" data-e-type=\"container\">\n\t\t\t\t\t<div class=\"e-con-inner\">\n\t\t\t\t<div class=\"elementor-element elementor-element-af32ac2 elementor-grid-3 elementor-grid-tablet-2 elementor-grid-mobile-1 elementor-posts--thumbnail-top elementor-card-shadow-yes elementor-posts__hover-gradient elementor-widget elementor-widget-posts\" data-id=\"af32ac2\" data-element_type=\"widget\" data-e-type=\"widget\" data-settings=\"{&quot;pagination_type&quot;:&quot;numbers&quot;,&quot;cards_columns&quot;:&quot;3&quot;,&quot;cards_columns_tablet&quot;:&quot;2&quot;,&quot;cards_columns_mobile&quot;:&quot;1&quot;,&quot;cards_row_gap&quot;:{&quot;unit&quot;:&quot;px&quot;,&quot;size&quot;:35,&quot;sizes&quot;:[]},&quot;cards_row_gap_tablet&quot;:{&quot;unit&quot;:&quot;px&quot;,&quot;size&quot;:&quot;&quot;,&quot;sizes&quot;:[]},&quot;cards_row_gap_mobile&quot;:{&quot;unit&quot;:&quot;px&quot;,&quot;size&quot;:&quot;&quot;,&quot;sizes&quot;:[]}}\" data-widget_type=\"posts.cards\">\n\t\t\t\t<div class=\"elementor-widget-container\">\n\t\t\t\t\t\t\t<div class=\"elementor-posts-container elementor-posts elementor-posts--skin-cards elementor-grid\" role=\"list\">\n\t\t\t\t<article class=\"elementor-post elementor-grid-item post-6744 post type-post status-publish format-standard has-post-thumbnail hentry category-actualites\" role=\"listitem\">\n\t\t\t<div class=\"elementor-post__card\">\n\t\t\t\t<a class=\"elementor-post__thumbnail__link\" href=\"https:\/\/chateaudesanges.com\/en\/domaine-mariage-isere-decouvrez-comment-choisir-le-lieu-ideal-et-pourquoi-le-chateau-des-anges-est-une-reference-pour-un-mariage-unique-avec-hebergement-et-privatisation\/\" tabindex=\"-1\" target=\"_blank\"><div class=\"elementor-post__thumbnail\"><img fetchpriority=\"high\" decoding=\"async\" width=\"1536\" height=\"2304\" src=\"https:\/\/chateaudesanges.com\/wp-content\/uploads\/2026\/04\/392A7627.jpeg\" class=\"attachment-full size-full wp-image-6746\" alt=\"\" srcset=\"https:\/\/chateaudesanges.com\/wp-content\/uploads\/2026\/04\/392A7627.jpeg 1536w, https:\/\/chateaudesanges.com\/wp-content\/uploads\/2026\/04\/392A7627-200x300.jpeg 200w, https:\/\/chateaudesanges.com\/wp-content\/uploads\/2026\/04\/392A7627-683x1024.jpeg 683w, https:\/\/chateaudesanges.com\/wp-content\/uploads\/2026\/04\/392A7627-768x1152.jpeg 768w, https:\/\/chateaudesanges.com\/wp-content\/uploads\/2026\/04\/392A7627-1024x1536.jpeg 1024w, https:\/\/chateaudesanges.com\/wp-content\/uploads\/2026\/04\/392A7627-1365x2048.jpeg 1365w, https:\/\/chateaudesanges.com\/wp-content\/uploads\/2026\/04\/392A7627-8x12.jpeg 8w\" sizes=\"(max-width: 1536px) 100vw, 1536px\" title=\"\"><\/div><\/a>\n\t\t\t\t<div class=\"elementor-post__text\">\n\t\t\t\t<h2 class=\"elementor-post__title\">\n\t\t\t<a href=\"https:\/\/chateaudesanges.com\/en\/domaine-mariage-isere-decouvrez-comment-choisir-le-lieu-ideal-et-pourquoi-le-chateau-des-anges-est-une-reference-pour-un-mariage-unique-avec-hebergement-et-privatisation\/\">\n\t\t\t\tDomaine mariage Is\u00e8re : d\u00e9couvrez comment choisir le lieu id\u00e9al et pourquoi le Ch\u00e2teau des Anges est une r\u00e9f\u00e9rence pour 1 mariage unique, avec h\u00e9bergement et privatisation\t\t\t<\/a>\n\t\t<\/h2>\n\t\t\t\t<div class=\"elementor-post__excerpt\">\n\t\t\t<p>Vous recherchez un&nbsp;domaine de mariage en Is\u00e8re&nbsp;pour c\u00e9l\u00e9brer votre union<\/p>\n\t\t<\/div>\n\t\t\n\t\t<a class=\"elementor-post__read-more\" href=\"https:\/\/chateaudesanges.com\/en\/domaine-mariage-isere-decouvrez-comment-choisir-le-lieu-ideal-et-pourquoi-le-chateau-des-anges-est-une-reference-pour-un-mariage-unique-avec-hebergement-et-privatisation\/\" aria-label=\"Read more about Domaine mariage Is\u00e8re : d\u00e9couvrez comment choisir le lieu id\u00e9al et pourquoi le Ch\u00e2teau des Anges est une r\u00e9f\u00e9rence pour 1 mariage unique, avec h\u00e9bergement et privatisation\" tabindex=\"-1\" target=\"_blank\">\n\t\t\tRead more \"\t\t<\/a>\n\n\t\t\t\t<\/div>\n\t\t\t\t<div class=\"elementor-post__meta-data\">\n\t\t\t\t\t<span class=\"elementor-post-date\">\n\t\t\t1 May 2026\t\t<\/span>\n\t\t\t\t<\/div>\n\t\t\t\t\t<\/div>\n\t\t<\/article>\n\t\t\t\t<article class=\"elementor-post elementor-grid-item post-6738 post type-post status-publish format-standard has-post-thumbnail hentry category-actualites\" role=\"listitem\">\n\t\t\t<div class=\"elementor-post__card\">\n\t\t\t\t<a class=\"elementor-post__thumbnail__link\" href=\"https:\/\/chateaudesanges.com\/en\/qlikki-une-solution-pour-organiser-votre-mariage-en-isere-et-partout-ailleurs\/\" tabindex=\"-1\" target=\"_blank\"><div class=\"elementor-post__thumbnail\"><img decoding=\"async\" width=\"2560\" height=\"1440\" src=\"https:\/\/chateaudesanges.com\/wp-content\/uploads\/2026\/04\/IMG_1141-scaled.jpeg\" class=\"attachment-full size-full wp-image-6739\" alt=\"\" srcset=\"https:\/\/chateaudesanges.com\/wp-content\/uploads\/2026\/04\/IMG_1141-scaled.jpeg 2560w, https:\/\/chateaudesanges.com\/wp-content\/uploads\/2026\/04\/IMG_1141-300x169.jpeg 300w, https:\/\/chateaudesanges.com\/wp-content\/uploads\/2026\/04\/IMG_1141-1024x576.jpeg 1024w, https:\/\/chateaudesanges.com\/wp-content\/uploads\/2026\/04\/IMG_1141-768x432.jpeg 768w, https:\/\/chateaudesanges.com\/wp-content\/uploads\/2026\/04\/IMG_1141-1536x864.jpeg 1536w, https:\/\/chateaudesanges.com\/wp-content\/uploads\/2026\/04\/IMG_1141-2048x1152.jpeg 2048w, https:\/\/chateaudesanges.com\/wp-content\/uploads\/2026\/04\/IMG_1141-18x10.jpeg 18w\" sizes=\"(max-width: 2560px) 100vw, 2560px\" title=\"\"><\/div><\/a>\n\t\t\t\t<div class=\"elementor-post__text\">\n\t\t\t\t<h2 class=\"elementor-post__title\">\n\t\t\t<a href=\"https:\/\/chateaudesanges.com\/en\/qlikki-une-solution-pour-organiser-votre-mariage-en-isere-et-partout-ailleurs\/\">\n\t\t\t\tQlikki, une solution pour organiser votre mariage en Is\u00e8re et partout ailleurs\t\t\t<\/a>\n\t\t<\/h2>\n\t\t\t\t<div class=\"elementor-post__excerpt\">\n\t\t\t<p>Le compagnon id\u00e9al pour une organisation de mariage simplifi\u00e9e :<\/p>\n\t\t<\/div>\n\t\t\n\t\t<a class=\"elementor-post__read-more\" href=\"https:\/\/chateaudesanges.com\/en\/qlikki-une-solution-pour-organiser-votre-mariage-en-isere-et-partout-ailleurs\/\" aria-label=\"Read more about Qlikki, une solution pour organiser votre mariage en Is\u00e8re et partout ailleurs\" tabindex=\"-1\" target=\"_blank\">\n\t\t\tRead more \"\t\t<\/a>\n\n\t\t\t\t<\/div>\n\t\t\t\t<div class=\"elementor-post__meta-data\">\n\t\t\t\t\t<span class=\"elementor-post-date\">\n\t\t\t8 April 2026\t\t<\/span>\n\t\t\t\t<\/div>\n\t\t\t\t\t<\/div>\n\t\t<\/article>\n\t\t\t\t<article class=\"elementor-post elementor-grid-item post-6713 post type-post status-publish format-standard has-post-thumbnail hentry category-actualites\" role=\"listitem\">\n\t\t\t<div class=\"elementor-post__card\">\n\t\t\t\t<a class=\"elementor-post__thumbnail__link\" href=\"https:\/\/chateaudesanges.com\/en\/mariage-champetre-domaine-en-drome\/\" tabindex=\"-1\" target=\"_blank\"><div class=\"elementor-post__thumbnail\"><img decoding=\"async\" width=\"1204\" height=\"802\" src=\"https:\/\/chateaudesanges.com\/wp-content\/uploads\/2025\/04\/4BB524D6-4966-4369-BF17-D1434E27.jpg\" class=\"attachment-full size-full wp-image-6496\" alt=\"\" srcset=\"https:\/\/chateaudesanges.com\/wp-content\/uploads\/2025\/04\/4BB524D6-4966-4369-BF17-D1434E27.jpg 1204w, https:\/\/chateaudesanges.com\/wp-content\/uploads\/2025\/04\/4BB524D6-4966-4369-BF17-D1434E27-300x200.jpg 300w, https:\/\/chateaudesanges.com\/wp-content\/uploads\/2025\/04\/4BB524D6-4966-4369-BF17-D1434E27-1024x682.jpg 1024w, https:\/\/chateaudesanges.com\/wp-content\/uploads\/2025\/04\/4BB524D6-4966-4369-BF17-D1434E27-768x512.jpg 768w, https:\/\/chateaudesanges.com\/wp-content\/uploads\/2025\/04\/4BB524D6-4966-4369-BF17-D1434E27-18x12.jpg 18w\" sizes=\"(max-width: 1204px) 100vw, 1204px\" title=\"\"><\/div><\/a>\n\t\t\t\t<div class=\"elementor-post__text\">\n\t\t\t\t<h2 class=\"elementor-post__title\">\n\t\t\t<a href=\"https:\/\/chateaudesanges.com\/en\/mariage-champetre-domaine-en-drome\/\">\n\t\t\t\tOrganising your country wedding on an estate in the Dr\u00f4me: our tips for an unforgettable experience\t\t\t<\/a>\n\t\t<\/h2>\n\t\t\t\t<div class=\"elementor-post__excerpt\">\n\t\t\t<p>Organise your country wedding on an estate in the Dr\u00f4me :<\/p>\n\t\t<\/div>\n\t\t\n\t\t<a class=\"elementor-post__read-more\" href=\"https:\/\/chateaudesanges.com\/en\/mariage-champetre-domaine-en-drome\/\" aria-label=\"Read more about Organiser son mariage champ\u00eatre dans un domaine en Dr\u00f4me : nos conseils pour un moment inoubliable\" tabindex=\"-1\" target=\"_blank\">\n\t\t\tRead more \"\t\t<\/a>\n\n\t\t\t\t<\/div>\n\t\t\t\t<div class=\"elementor-post__meta-data\">\n\t\t\t\t\t<span class=\"elementor-post-date\">\n\t\t\t9 September 2025\t\t<\/span>\n\t\t\t\t<\/div>\n\t\t\t\t\t<\/div>\n\t\t<\/article>\n\t\t\t\t<article class=\"elementor-post elementor-grid-item post-6556 post type-post status-publish format-standard has-post-thumbnail hentry category-actualites\" role=\"listitem\">\n\t\t\t<div class=\"elementor-post__card\">\n\t\t\t\t<a class=\"elementor-post__thumbnail__link\" href=\"https:\/\/chateaudesanges.com\/en\/domaine-mariage-nature-isere\/\" tabindex=\"-1\" target=\"_blank\"><div class=\"elementor-post__thumbnail\"><img loading=\"lazy\" decoding=\"async\" width=\"2560\" height=\"1707\" src=\"https:\/\/chateaudesanges.com\/wp-content\/uploads\/2025\/07\/kylefromthenorth-divZsHxB0m4-unsplash-scaled.jpg\" class=\"attachment-full size-full wp-image-6559\" alt=\"\" srcset=\"https:\/\/chateaudesanges.com\/wp-content\/uploads\/2025\/07\/kylefromthenorth-divZsHxB0m4-unsplash-scaled.jpg 2560w, https:\/\/chateaudesanges.com\/wp-content\/uploads\/2025\/07\/kylefromthenorth-divZsHxB0m4-unsplash-300x200.jpg 300w, https:\/\/chateaudesanges.com\/wp-content\/uploads\/2025\/07\/kylefromthenorth-divZsHxB0m4-unsplash-1024x683.jpg 1024w, https:\/\/chateaudesanges.com\/wp-content\/uploads\/2025\/07\/kylefromthenorth-divZsHxB0m4-unsplash-768x512.jpg 768w, https:\/\/chateaudesanges.com\/wp-content\/uploads\/2025\/07\/kylefromthenorth-divZsHxB0m4-unsplash-1536x1024.jpg 1536w, https:\/\/chateaudesanges.com\/wp-content\/uploads\/2025\/07\/kylefromthenorth-divZsHxB0m4-unsplash-2048x1365.jpg 2048w, https:\/\/chateaudesanges.com\/wp-content\/uploads\/2025\/07\/kylefromthenorth-divZsHxB0m4-unsplash-18x12.jpg 18w\" sizes=\"(max-width: 2560px) 100vw, 2560px\" title=\"\"><\/div><\/a>\n\t\t\t\t<div class=\"elementor-post__text\">\n\t\t\t\t<h2 class=\"elementor-post__title\">\n\t\t\t<a href=\"https:\/\/chateaudesanges.com\/en\/domaine-mariage-nature-isere\/\">\n\t\t\t\tNature wedding domain in Is\u00e8re\t\t\t<\/a>\n\t\t<\/h2>\n\t\t\t\t<div class=\"elementor-post__excerpt\">\n\t\t\t<p>Nature wedding estate in Is\u00e8re An exceptional natural setting<\/p>\n\t\t<\/div>\n\t\t\n\t\t<a class=\"elementor-post__read-more\" href=\"https:\/\/chateaudesanges.com\/en\/domaine-mariage-nature-isere\/\" aria-label=\"Read more about Nature wedding estate in Is\u00e8re\" tabindex=\"-1\" target=\"_blank\">\n\t\t\tRead more \"\t\t<\/a>\n\n\t\t\t\t<\/div>\n\t\t\t\t<div class=\"elementor-post__meta-data\">\n\t\t\t\t\t<span class=\"elementor-post-date\">\n\t\t\t7 July 2025\t\t<\/span>\n\t\t\t\t<\/div>\n\t\t\t\t\t<\/div>\n\t\t<\/article>\n\t\t\t\t<article class=\"elementor-post elementor-grid-item post-6544 post type-post status-publish format-standard has-post-thumbnail hentry category-actualites\" role=\"listitem\">\n\t\t\t<div class=\"elementor-post__card\">\n\t\t\t\t<a class=\"elementor-post__thumbnail__link\" href=\"https:\/\/chateaudesanges.com\/en\/domaine-mariage-romantique-isere\/\" tabindex=\"-1\" target=\"_blank\"><div class=\"elementor-post__thumbnail\"><img loading=\"lazy\" decoding=\"async\" width=\"2560\" height=\"1708\" src=\"https:\/\/chateaudesanges.com\/wp-content\/uploads\/2025\/06\/wedding-dreamz-iZit-SCQAdA-unsplash-scaled.jpg\" class=\"attachment-full size-full wp-image-6547\" alt=\"\" srcset=\"https:\/\/chateaudesanges.com\/wp-content\/uploads\/2025\/06\/wedding-dreamz-iZit-SCQAdA-unsplash-scaled.jpg 2560w, https:\/\/chateaudesanges.com\/wp-content\/uploads\/2025\/06\/wedding-dreamz-iZit-SCQAdA-unsplash-300x200.jpg 300w, https:\/\/chateaudesanges.com\/wp-content\/uploads\/2025\/06\/wedding-dreamz-iZit-SCQAdA-unsplash-1024x683.jpg 1024w, https:\/\/chateaudesanges.com\/wp-content\/uploads\/2025\/06\/wedding-dreamz-iZit-SCQAdA-unsplash-768x512.jpg 768w, https:\/\/chateaudesanges.com\/wp-content\/uploads\/2025\/06\/wedding-dreamz-iZit-SCQAdA-unsplash-1536x1025.jpg 1536w, https:\/\/chateaudesanges.com\/wp-content\/uploads\/2025\/06\/wedding-dreamz-iZit-SCQAdA-unsplash-2048x1366.jpg 2048w, https:\/\/chateaudesanges.com\/wp-content\/uploads\/2025\/06\/wedding-dreamz-iZit-SCQAdA-unsplash-18x12.jpg 18w\" sizes=\"(max-width: 2560px) 100vw, 2560px\" title=\"\"><\/div><\/a>\n\t\t\t\t<div class=\"elementor-post__text\">\n\t\t\t\t<h2 class=\"elementor-post__title\">\n\t\t\t<a href=\"https:\/\/chateaudesanges.com\/en\/domaine-mariage-romantique-isere\/\">\n\t\t\t\tDiscover the Ch\u00e2teau des Anges\t\t\t<\/a>\n\t\t<\/h2>\n\t\t\t\t<div class=\"elementor-post__excerpt\">\n\t\t\t<p>Romantic wedding domain in Is\u00e8re What if your love story<\/p>\n\t\t<\/div>\n\t\t\n\t\t<a class=\"elementor-post__read-more\" href=\"https:\/\/chateaudesanges.com\/en\/domaine-mariage-romantique-isere\/\" aria-label=\"Read more about Discover the Ch\u00e2teau des Anges\" tabindex=\"-1\" target=\"_blank\">\n\t\t\tRead more \"\t\t<\/a>\n\n\t\t\t\t<\/div>\n\t\t\t\t<div class=\"elementor-post__meta-data\">\n\t\t\t\t\t<span class=\"elementor-post-date\">\n\t\t\t30 June 2025\t\t<\/span>\n\t\t\t\t<\/div>\n\t\t\t\t\t<\/div>\n\t\t<\/article>\n\t\t\t\t<article class=\"elementor-post elementor-grid-item post-2099 post type-post status-publish format-standard has-post-thumbnail hentry category-actualites\" role=\"listitem\">\n\t\t\t<div class=\"elementor-post__card\">\n\t\t\t\t<a class=\"elementor-post__thumbnail__link\" href=\"https:\/\/chateaudesanges.com\/en\/les-nouveaux-proprietaires-du-chateau-des-anges\/\" tabindex=\"-1\" target=\"_blank\"><div class=\"elementor-post__thumbnail\"><img loading=\"lazy\" decoding=\"async\" width=\"1000\" height=\"667\" src=\"https:\/\/chateaudesanges.com\/wp-content\/uploads\/2023\/09\/0D087E89-6300-47D3-85CA-6714C48A.jpg\" class=\"attachment-full size-full wp-image-6467\" alt=\"\" srcset=\"https:\/\/chateaudesanges.com\/wp-content\/uploads\/2023\/09\/0D087E89-6300-47D3-85CA-6714C48A.jpg 1000w, https:\/\/chateaudesanges.com\/wp-content\/uploads\/2023\/09\/0D087E89-6300-47D3-85CA-6714C48A-300x200.jpg 300w, https:\/\/chateaudesanges.com\/wp-content\/uploads\/2023\/09\/0D087E89-6300-47D3-85CA-6714C48A-768x512.jpg 768w, https:\/\/chateaudesanges.com\/wp-content\/uploads\/2023\/09\/0D087E89-6300-47D3-85CA-6714C48A-18x12.jpg 18w\" sizes=\"(max-width: 1000px) 100vw, 1000px\" title=\"\"><\/div><\/a>\n\t\t\t\t<div class=\"elementor-post__text\">\n\t\t\t\t<h2 class=\"elementor-post__title\">\n\t\t\t<a href=\"https:\/\/chateaudesanges.com\/en\/les-nouveaux-proprietaires-du-chateau-des-anges\/\">\n\t\t\t\tThe New Owners of Ch\u00e2teau des Anges\t\t\t<\/a>\n\t\t<\/h2>\n\t\t\t\t<div class=\"elementor-post__excerpt\">\n\t\t\t<p>Samantha and Alexandre, a passionate couple at your service<\/p>\n\t\t<\/div>\n\t\t\n\t\t<a class=\"elementor-post__read-more\" href=\"https:\/\/chateaudesanges.com\/en\/les-nouveaux-proprietaires-du-chateau-des-anges\/\" aria-label=\"Read more about The New Owners of Ch\u00e2teau des Anges\" tabindex=\"-1\" target=\"_blank\">\n\t\t\tRead more \"\t\t<\/a>\n\n\t\t\t\t<\/div>\n\t\t\t\t<div class=\"elementor-post__meta-data\">\n\t\t\t\t\t<span class=\"elementor-post-date\">\n\t\t\t14 September 2023\t\t<\/span>\n\t\t\t\t<\/div>\n\t\t\t\t\t<\/div>\n\t\t<\/article>\n\t\t\t\t<\/div>\n\t\t\n\t\t\t\t\t\t<\/div>\n\t\t\t\t<\/div>\n\t\t\t\t\t<\/div>\n\t\t\t\t<\/div>\n\t\t\t\t<\/div>","protected":false},"excerpt":{"rendered":"<p>News from the castle News<\/p>","protected":false},"author":7,"featured_media":0,"parent":0,"menu_order":0,"comment_status":"closed","ping_status":"closed","template":"","meta":{"_acf_changed":false,"inline_featured_image":false,"footnotes":""},"class_list":["post-70","page","type-page","status-publish","hentry"],"acf":[],"_links":{"self":[{"href":"https:\/\/chateaudesanges.com\/en\/wp-json\/wp\/v2\/pages\/70","targetHints":{"allow":["GET"]}}],"collection":[{"href":"https:\/\/chateaudesanges.com\/en\/wp-json\/wp\/v2\/pages"}],"about":[{"href":"https:\/\/chateaudesanges.com\/en\/wp-json\/wp\/v2\/types\/page"}],"author":[{"embeddable":true,"href":"https:\/\/chateaudesanges.com\/en\/wp-json\/wp\/v2\/users\/7"}],"replies":[{"embeddable":true,"href":"https:\/\/chateaudesanges.com\/en\/wp-json\/wp\/v2\/comments?post=70"}],"version-history":[{"count":80,"href":"https:\/\/chateaudesanges.com\/en\/wp-json\/wp\/v2\/pages\/70\/revisions"}],"predecessor-version":[{"id":6216,"href":"https:\/\/chateaudesanges.com\/en\/wp-json\/wp\/v2\/pages\/70\/revisions\/6216"}],"wp:attachment":[{"href":"https:\/\/chateaudesanges.com\/en\/wp-json\/wp\/v2\/media?parent=70"}],"curies":[{"name":"wp","href":"https:\/\/api.w.org\/{rel}","templated":true}]}}