{"id":4162,"date":"2025-04-01T18:25:05","date_gmt":"2025-04-01T16:25:05","guid":{"rendered":"https:\/\/chateaudesanges.com\/?page_id=4162"},"modified":"2025-04-15T11:08:28","modified_gmt":"2025-04-15T09:08:28","slug":"spa-en-isere","status":"publish","type":"page","link":"https:\/\/chateaudesanges.com\/en\/destination\/spa-en-isere\/","title":{"rendered":"The art of well-being: Spa and well-being centres in Is\u00e8re and Dr\u00f4me"},"content":{"rendered":"<div data-elementor-type=\"wp-page\" data-elementor-id=\"4162\" class=\"elementor elementor-4162\" data-elementor-post-type=\"page\">\n\t\t\t\t<div class=\"elementor-element elementor-element-5152dd76 e-con-full e-flex e-con e-parent\" data-id=\"5152dd76\" data-element_type=\"container\" data-e-type=\"container\" id=\"top\" data-settings=\"{&quot;background_background&quot;:&quot;classic&quot;}\">\n\t\t\t\t<div class=\"elementor-element elementor-element-337d6633 elementor-widget elementor-widget-heading\" data-id=\"337d6633\" data-element_type=\"widget\" data-e-type=\"widget\" data-widget_type=\"heading.default\">\n\t\t\t\t<div class=\"elementor-widget-container\">\n\t\t\t\t\t<span class=\"elementor-heading-title elementor-size-default\">The art of well-being : <br>Spa and wellness centres in Is\u00e8re and Dr\u00f4me<\/span>\t\t\t\t<\/div>\n\t\t\t\t<\/div>\n\t\t\t\t<div class=\"elementor-element elementor-element-3fcae56 elementor-widget elementor-widget-heading\" data-id=\"3fcae56\" data-element_type=\"widget\" data-e-type=\"widget\" data-widget_type=\"heading.default\">\n\t\t\t\t<div class=\"elementor-widget-container\">\n\t\t\t\t\t<h1 class=\"elementor-heading-title elementor-size-default\">Spa in Is\u00e8re<\/h1>\t\t\t\t<\/div>\n\t\t\t\t<\/div>\n\t\t\t\t<\/div>\n\t\t<div class=\"elementor-element elementor-element-1a17b6c0 e-con-full e-flex e-con e-parent\" data-id=\"1a17b6c0\" data-element_type=\"container\" data-e-type=\"container\" id=\"first-content\">\n\t\t<div class=\"elementor-element elementor-element-7aec88e9 e-con-full e-flex e-con e-child\" data-id=\"7aec88e9\" data-element_type=\"container\" data-e-type=\"container\">\n\t\t\t\t<div class=\"elementor-element elementor-element-da8372c elementor-widget elementor-widget-text-editor\" data-id=\"da8372c\" data-element_type=\"widget\" data-e-type=\"widget\" data-widget_type=\"text-editor.default\">\n\t\t\t\t<div class=\"elementor-widget-container\">\n\t\t\t\t\t\t\t\t\t<p>Between the mountains of Is\u00e8re and the soothing landscapes of the Dr\u00f4me, the region offers an ideal setting for pampering yourself and recharging your batteries. Whether you're looking to relax after a day's hiking or simply looking for a wellness break, the spa and wellness centres in the surrounding area welcome you in a haven of tranquillity. The Ch\u00e2teau des Anges, right in the heart of this region, is the ideal starting point for discovering these places dedicated to your serenity.<\/p><p>\u00a0<\/p><h2>A region for relaxation<\/h2><p>\u00a0<\/p><p>Is\u00e8re and Dr\u00f4me are lands of relaxation and well-being. Surrounded by mountains, forests and rivers, these regions offer a natural environment that invites you to relax and unwind. The Ch\u00e2teau des Anges, located at the crossroads of these two departments, is the perfect place to enjoy the benefits of nature while accessing quality wellness services.<\/p>\t\t\t\t\t\t\t\t<\/div>\n\t\t\t\t<\/div>\n\t\t\t\t<div class=\"elementor-element elementor-element-17d7a66f elementor-widget elementor-widget-heading\" data-id=\"17d7a66f\" data-element_type=\"widget\" data-e-type=\"widget\" data-widget_type=\"heading.default\">\n\t\t\t\t<div class=\"elementor-widget-container\">\n\t\t\t\t\t<h2 class=\"elementor-heading-title elementor-size-default\">Must-see spa centres in Is\u00e8re and Dr\u00f4me<\/h2>\t\t\t\t<\/div>\n\t\t\t\t<\/div>\n\t\t\t\t<div class=\"elementor-element elementor-element-f65d0eb elementor-widget elementor-widget-text-editor\" data-id=\"f65d0eb\" data-element_type=\"widget\" data-e-type=\"widget\" data-widget_type=\"text-editor.default\">\n\t\t\t\t<div class=\"elementor-widget-container\">\n\t\t\t\t\t\t\t\t\t<h3>The Spa at Domaine de la Sizeranne (Dr\u00f4me)<\/h3><p>Just a few kilometres from Ch\u00e2teau des Anges, Domaine de la Sizeranne offers a luxury spa where you can relax in a peaceful and rejuvenating atmosphere. This wellness centre offers treatments tailored to your needs, from relaxing massages to facials. In a natural and refined setting, let yourself be enveloped by a feeling of total well-being.<\/p><p>\u00a0<\/p><h3>Les Thermes de Valence (Dr\u00f4me)<\/h3><p>If you're looking for a complete spa experience, the Thermes de Valence are a must. Located just a short distance from the Ch\u00e2teau, these thermal baths offer a wide range of spa treatments, from hot baths to relaxation treatments, massages and beauty rituals. A haven of peace for those who want to recharge their batteries in a refined setting.<\/p><p>\u00a0<\/p><h3>Le Spa des Alpes, Autrans (Is\u00e8re)<\/h3><p>For those who prefer a mountain experience, the Spa des Alpes in Autrans is the perfect place to unwind after an active day. As well as traditional treatments, the spa offers massages tailored to sports enthusiasts, as well as regenerating treatments based on local products. Let yourself be enchanted by the mountain atmosphere and the breathtaking views of the surrounding mountains.<\/p>\t\t\t\t\t\t\t\t<\/div>\n\t\t\t\t<\/div>\n\t\t\t\t<\/div>\n\t\t<div class=\"elementor-element elementor-element-65eb2804 e-con-full e-flex e-con e-child\" data-id=\"65eb2804\" data-element_type=\"container\" data-e-type=\"container\">\n\t\t\t\t<div class=\"elementor-element elementor-element-1a75b8ef elementor-widget-tablet__width-inherit elementor-widget elementor-widget-image\" data-id=\"1a75b8ef\" data-element_type=\"widget\" data-e-type=\"widget\" data-widget_type=\"image.default\">\n\t\t\t\t<div class=\"elementor-widget-container\">\n\t\t\t\t\t\t\t\t\t\t\t\t\t\t\t<img fetchpriority=\"high\" decoding=\"async\" width=\"683\" height=\"1024\" src=\"https:\/\/chateaudesanges.com\/wp-content\/uploads\/2025\/04\/GettyImages-2057799918-683x1024.jpg\" class=\"attachment-large size-large wp-image-4771\" alt=\"\" srcset=\"https:\/\/chateaudesanges.com\/wp-content\/uploads\/2025\/04\/GettyImages-2057799918-683x1024.jpg 683w, https:\/\/chateaudesanges.com\/wp-content\/uploads\/2025\/04\/GettyImages-2057799918-200x300.jpg 200w, https:\/\/chateaudesanges.com\/wp-content\/uploads\/2025\/04\/GettyImages-2057799918-768x1152.jpg 768w, https:\/\/chateaudesanges.com\/wp-content\/uploads\/2025\/04\/GettyImages-2057799918-1024x1536.jpg 1024w, https:\/\/chateaudesanges.com\/wp-content\/uploads\/2025\/04\/GettyImages-2057799918-1365x2048.jpg 1365w, https:\/\/chateaudesanges.com\/wp-content\/uploads\/2025\/04\/GettyImages-2057799918-8x12.jpg 8w, https:\/\/chateaudesanges.com\/wp-content\/uploads\/2025\/04\/GettyImages-2057799918.jpg 1414w\" sizes=\"(max-width: 683px) 100vw, 683px\" title=\"\">\t\t\t\t\t\t\t\t\t\t\t\t\t\t\t<\/div>\n\t\t\t\t<\/div>\n\t\t\t\t<\/div>\n\t\t\t\t<\/div>\n\t\t<div class=\"elementor-element elementor-element-9972617 e-con-full e-flex e-con e-parent\" data-id=\"9972617\" data-element_type=\"container\" data-e-type=\"container\">\n\t\t<div class=\"elementor-element elementor-element-f32a016 e-con-full e-flex e-con e-child\" data-id=\"f32a016\" data-element_type=\"container\" data-e-type=\"container\">\n\t\t\t\t<div class=\"elementor-element elementor-element-3721ecc elementor-widget elementor-widget-heading\" data-id=\"3721ecc\" data-element_type=\"widget\" data-e-type=\"widget\" data-widget_type=\"heading.default\">\n\t\t\t\t<div class=\"elementor-widget-container\">\n\t\t\t\t\t<h2 class=\"elementor-heading-title elementor-size-default\">Le Ch\u00e2teau des Anges :\nA place to relax and recharge your batteries<\/h2>\t\t\t\t<\/div>\n\t\t\t\t<\/div>\n\t\t\t\t<div class=\"elementor-element elementor-element-939a240 elementor-widget elementor-widget-text-editor\" data-id=\"939a240\" data-element_type=\"widget\" data-e-type=\"widget\" data-widget_type=\"text-editor.default\">\n\t\t\t\t<div class=\"elementor-widget-container\">\n\t\t\t\t\t\t\t\t\t<p>At Ch\u00e2teau des Anges, well-being is a priority. After enjoying the benefits of the region's spas and wellness centres, you can relax in our landscaped grounds, take a refreshing dip in our swimming pool or simply unwind in our inner courtyard shaded by century-old lime trees. This unique setting will allow you to recharge your batteries and enjoy moments of calm in a warm and welcoming atmosphere.<\/p><p>\u00a0<\/p><h2>A wellness break combining nature and serenity<\/h2><p>Is\u00e8re and Dr\u00f4me are ideal destinations for a wellness break. Whether you're a fan of traditional treatments or looking for a more unique experience, you'll find plenty of centres and spas within easy reach of the Ch\u00e2teau des Anges to meet your expectations. Combining nature, relaxation and tranquillity, this region offers you the opportunity to reconnect with yourself and enjoy an unforgettable wellness experience.<\/p><p>\u00a0<\/p><p>Treat yourself to a well-deserved break in the heart of nature and let yourself be pampered in the best wellness centres in the area. You'll leave with a calmer mind and a lighter spirit, ready to face everyday life with serenity.<\/p>\t\t\t\t\t\t\t\t<\/div>\n\t\t\t\t<\/div>\n\t\t\t\t<\/div>\n\t\t<div class=\"elementor-element elementor-element-3fee9d7 e-con-full e-flex e-con e-child\" data-id=\"3fee9d7\" data-element_type=\"container\" data-e-type=\"container\">\n\t\t\t\t<div class=\"elementor-element elementor-element-20c8541 elementor-widget-tablet__width-inherit elementor-widget elementor-widget-image\" data-id=\"20c8541\" data-element_type=\"widget\" data-e-type=\"widget\" data-widget_type=\"image.default\">\n\t\t\t\t<div class=\"elementor-widget-container\">\n\t\t\t\t\t\t\t\t\t\t\t\t\t\t\t<img decoding=\"async\" width=\"800\" height=\"534\" src=\"https:\/\/chateaudesanges.com\/wp-content\/uploads\/2025\/04\/CHA00987-1024x683.jpg\" class=\"attachment-large size-large wp-image-4348\" alt=\"\" srcset=\"https:\/\/chateaudesanges.com\/wp-content\/uploads\/2025\/04\/CHA00987-1024x683.jpg 1024w, https:\/\/chateaudesanges.com\/wp-content\/uploads\/2025\/04\/CHA00987-300x200.jpg 300w, https:\/\/chateaudesanges.com\/wp-content\/uploads\/2025\/04\/CHA00987-768x512.jpg 768w, https:\/\/chateaudesanges.com\/wp-content\/uploads\/2025\/04\/CHA00987-1536x1024.jpg 1536w, https:\/\/chateaudesanges.com\/wp-content\/uploads\/2025\/04\/CHA00987-2048x1365.jpg 2048w, https:\/\/chateaudesanges.com\/wp-content\/uploads\/2025\/04\/CHA00987-18x12.jpg 18w\" sizes=\"(max-width: 800px) 100vw, 800px\" title=\"\">\t\t\t\t\t\t\t\t\t\t\t\t\t\t\t<\/div>\n\t\t\t\t<\/div>\n\t\t\t\t<\/div>\n\t\t\t\t<\/div>\n\t\t<div class=\"elementor-element elementor-element-5be878d4 e-flex e-con-boxed e-con e-parent\" data-id=\"5be878d4\" data-element_type=\"container\" data-e-type=\"container\">\n\t\t\t\t\t<div class=\"e-con-inner\">\n\t\t\t\t<div class=\"elementor-element elementor-element-222503aa elementor-widget elementor-widget-heading\" data-id=\"222503aa\" data-element_type=\"widget\" data-e-type=\"widget\" data-widget_type=\"heading.default\">\n\t\t\t\t<div class=\"elementor-widget-container\">\n\t\t\t\t\t<h2 class=\"elementor-heading-title elementor-size-default\">Discover our other destinations<\/h2>\t\t\t\t<\/div>\n\t\t\t\t<\/div>\n\t\t<div class=\"elementor-element elementor-element-736d1686 e-flex e-con-boxed e-con e-child\" data-id=\"736d1686\" data-element_type=\"container\" data-e-type=\"container\">\n\t\t\t\t\t<div class=\"e-con-inner\">\n\t\t<div class=\"elementor-element elementor-element-494258a8 e-flex e-con-boxed e-con e-child\" data-id=\"494258a8\" data-element_type=\"container\" data-e-type=\"container\">\n\t\t\t\t\t<div class=\"e-con-inner\">\n\t\t\t\t<div class=\"elementor-element elementor-element-157bb6b2 animated-slow elementor-invisible elementor-widget elementor-widget-image\" data-id=\"157bb6b2\" data-element_type=\"widget\" data-e-type=\"widget\" data-settings=\"{&quot;_animation&quot;:&quot;fadeIn&quot;,&quot;_animation_delay&quot;:500}\" data-widget_type=\"image.default\">\n\t\t\t\t<div class=\"elementor-widget-container\">\n\t\t\t\t\t\t\t\t\t\t\t\t\t\t\t\t<a href=\"#\">\n\t\t\t\t\t\t\t<img decoding=\"async\" width=\"1281\" height=\"872\" src=\"https:\/\/chateaudesanges.com\/wp-content\/uploads\/2025\/04\/GettyImages-874804810-1.jpg\" class=\"elementor-animation-sink attachment-full size-full wp-image-6478\" alt=\"\" srcset=\"https:\/\/chateaudesanges.com\/wp-content\/uploads\/2025\/04\/GettyImages-874804810-1.jpg 1281w, https:\/\/chateaudesanges.com\/wp-content\/uploads\/2025\/04\/GettyImages-874804810-1-300x204.jpg 300w, https:\/\/chateaudesanges.com\/wp-content\/uploads\/2025\/04\/GettyImages-874804810-1-1024x697.jpg 1024w, https:\/\/chateaudesanges.com\/wp-content\/uploads\/2025\/04\/GettyImages-874804810-1-768x523.jpg 768w, https:\/\/chateaudesanges.com\/wp-content\/uploads\/2025\/04\/GettyImages-874804810-1-18x12.jpg 18w\" sizes=\"(max-width: 1281px) 100vw, 1281px\" title=\"\">\t\t\t\t\t\t\t\t<\/a>\n\t\t\t\t\t\t\t\t\t\t\t\t\t\t\t<\/div>\n\t\t\t\t<\/div>\n\t\t<div class=\"elementor-element elementor-element-782157c1 e-flex e-con-boxed e-con e-child\" data-id=\"782157c1\" data-element_type=\"container\" data-e-type=\"container\" data-settings=\"{&quot;background_background&quot;:&quot;classic&quot;}\">\n\t\t\t\t\t<div class=\"e-con-inner\">\n\t\t<div class=\"elementor-element elementor-element-708b773e e-flex e-con-boxed e-con e-child\" data-id=\"708b773e\" data-element_type=\"container\" data-e-type=\"container\" data-settings=\"{&quot;background_background&quot;:&quot;classic&quot;}\">\n\t\t\t\t\t<div class=\"e-con-inner\">\n\t\t\t\t<div class=\"elementor-element elementor-element-1d4f5f92 elementor-widget elementor-widget-heading\" data-id=\"1d4f5f92\" data-element_type=\"widget\" data-e-type=\"widget\" data-widget_type=\"heading.default\">\n\t\t\t\t<div class=\"elementor-widget-container\">\n\t\t\t\t\t<h3 class=\"elementor-heading-title elementor-size-default\">Must-do walks<\/h3>\t\t\t\t<\/div>\n\t\t\t\t<\/div>\n\t\t\t\t<div class=\"elementor-element elementor-element-44f1ac97 elementor-align-center elementor-widget elementor-widget-button\" data-id=\"44f1ac97\" data-element_type=\"widget\" data-e-type=\"widget\" data-widget_type=\"button.default\">\n\t\t\t\t<div class=\"elementor-widget-container\">\n\t\t\t\t\t\t\t\t\t<div class=\"elementor-button-wrapper\">\n\t\t\t\t\t<a class=\"elementor-button elementor-button-link elementor-size-sm\" href=\"https:\/\/chateaudesanges.com\/en\/destination\/randonnee-en-isere\/\">\n\t\t\t\t\t\t<span class=\"elementor-button-content-wrapper\">\n\t\t\t\t\t\t\t\t\t<span class=\"elementor-button-text\">See more<\/span>\n\t\t\t\t\t<\/span>\n\t\t\t\t\t<\/a>\n\t\t\t\t<\/div>\n\t\t\t\t\t\t\t\t<\/div>\n\t\t\t\t<\/div>\n\t\t\t\t\t<\/div>\n\t\t\t\t<\/div>\n\t\t\t\t\t<\/div>\n\t\t\t\t<\/div>\n\t\t\t\t\t<\/div>\n\t\t\t\t<\/div>\n\t\t<div class=\"elementor-element elementor-element-1eb24f56 e-flex e-con-boxed e-con e-child\" data-id=\"1eb24f56\" data-element_type=\"container\" data-e-type=\"container\">\n\t\t\t\t\t<div class=\"e-con-inner\">\n\t\t\t\t<div class=\"elementor-element elementor-element-675abd2d animated-slow elementor-invisible elementor-widget elementor-widget-image\" data-id=\"675abd2d\" data-element_type=\"widget\" data-e-type=\"widget\" data-settings=\"{&quot;_animation&quot;:&quot;fadeIn&quot;,&quot;_animation_delay&quot;:500}\" data-widget_type=\"image.default\">\n\t\t\t\t<div class=\"elementor-widget-container\">\n\t\t\t\t\t\t\t\t\t\t\t\t\t\t\t\t<a href=\"#\">\n\t\t\t\t\t\t\t<img loading=\"lazy\" decoding=\"async\" width=\"2560\" height=\"1707\" src=\"https:\/\/chateaudesanges.com\/wp-content\/uploads\/2025\/04\/helena-lopes-PGnqT0rXWLs-unsplash-scaled.jpg\" class=\"elementor-animation-sink attachment-full size-full wp-image-4490\" alt=\"\" srcset=\"https:\/\/chateaudesanges.com\/wp-content\/uploads\/2025\/04\/helena-lopes-PGnqT0rXWLs-unsplash-scaled.jpg 2560w, https:\/\/chateaudesanges.com\/wp-content\/uploads\/2025\/04\/helena-lopes-PGnqT0rXWLs-unsplash-300x200.jpg 300w, https:\/\/chateaudesanges.com\/wp-content\/uploads\/2025\/04\/helena-lopes-PGnqT0rXWLs-unsplash-1024x683.jpg 1024w, https:\/\/chateaudesanges.com\/wp-content\/uploads\/2025\/04\/helena-lopes-PGnqT0rXWLs-unsplash-768x512.jpg 768w, https:\/\/chateaudesanges.com\/wp-content\/uploads\/2025\/04\/helena-lopes-PGnqT0rXWLs-unsplash-1536x1024.jpg 1536w, https:\/\/chateaudesanges.com\/wp-content\/uploads\/2025\/04\/helena-lopes-PGnqT0rXWLs-unsplash-2048x1365.jpg 2048w, https:\/\/chateaudesanges.com\/wp-content\/uploads\/2025\/04\/helena-lopes-PGnqT0rXWLs-unsplash-18x12.jpg 18w\" sizes=\"(max-width: 2560px) 100vw, 2560px\" title=\"\">\t\t\t\t\t\t\t\t<\/a>\n\t\t\t\t\t\t\t\t\t\t\t\t\t\t\t<\/div>\n\t\t\t\t<\/div>\n\t\t<div class=\"elementor-element elementor-element-54f72940 e-flex e-con-boxed e-con e-child\" data-id=\"54f72940\" data-element_type=\"container\" data-e-type=\"container\" data-settings=\"{&quot;background_background&quot;:&quot;classic&quot;}\">\n\t\t\t\t\t<div class=\"e-con-inner\">\n\t\t<div class=\"elementor-element elementor-element-333354d e-flex e-con-boxed e-con e-child\" data-id=\"333354d\" data-element_type=\"container\" data-e-type=\"container\" data-settings=\"{&quot;background_background&quot;:&quot;classic&quot;}\">\n\t\t\t\t\t<div class=\"e-con-inner\">\n\t\t\t\t<div class=\"elementor-element elementor-element-398e40d elementor-widget elementor-widget-heading\" data-id=\"398e40d\" data-element_type=\"widget\" data-e-type=\"widget\" data-widget_type=\"heading.default\">\n\t\t\t\t<div class=\"elementor-widget-container\">\n\t\t\t\t\t<h3 class=\"elementor-heading-title elementor-size-default\">The Dr\u00f4me Proven\u00e7ale<\/h3>\t\t\t\t<\/div>\n\t\t\t\t<\/div>\n\t\t\t\t<div class=\"elementor-element elementor-element-1cedb533 elementor-align-center elementor-widget elementor-widget-button\" data-id=\"1cedb533\" data-element_type=\"widget\" data-e-type=\"widget\" data-widget_type=\"button.default\">\n\t\t\t\t<div class=\"elementor-widget-container\">\n\t\t\t\t\t\t\t\t\t<div class=\"elementor-button-wrapper\">\n\t\t\t\t\t<a class=\"elementor-button elementor-button-link elementor-size-sm\" href=\"https:\/\/chateaudesanges.com\/en\/destination\/seminaire-dans-la-drome\/\">\n\t\t\t\t\t\t<span class=\"elementor-button-content-wrapper\">\n\t\t\t\t\t\t\t\t\t<span class=\"elementor-button-text\">See more<\/span>\n\t\t\t\t\t<\/span>\n\t\t\t\t\t<\/a>\n\t\t\t\t<\/div>\n\t\t\t\t\t\t\t\t<\/div>\n\t\t\t\t<\/div>\n\t\t\t\t\t<\/div>\n\t\t\t\t<\/div>\n\t\t\t\t\t<\/div>\n\t\t\t\t<\/div>\n\t\t\t\t\t<\/div>\n\t\t\t\t<\/div>\n\t\t<div class=\"elementor-element elementor-element-6e89e86 e-flex e-con-boxed e-con e-child\" data-id=\"6e89e86\" data-element_type=\"container\" data-e-type=\"container\">\n\t\t\t\t\t<div class=\"e-con-inner\">\n\t\t\t\t<div class=\"elementor-element elementor-element-3594b02e animated-slow elementor-invisible elementor-widget elementor-widget-image\" data-id=\"3594b02e\" data-element_type=\"widget\" data-e-type=\"widget\" data-settings=\"{&quot;_animation&quot;:&quot;fadeIn&quot;,&quot;_animation_delay&quot;:500}\" data-widget_type=\"image.default\">\n\t\t\t\t<div class=\"elementor-widget-container\">\n\t\t\t\t\t\t\t\t\t\t\t\t\t\t\t\t<a href=\"#\">\n\t\t\t\t\t\t\t<img loading=\"lazy\" decoding=\"async\" width=\"724\" height=\"483\" src=\"https:\/\/chateaudesanges.com\/wp-content\/uploads\/2025\/04\/GettyImages-867739324-1.jpg\" class=\"elementor-animation-sink attachment-full size-full wp-image-4684\" alt=\"\" srcset=\"https:\/\/chateaudesanges.com\/wp-content\/uploads\/2025\/04\/GettyImages-867739324-1.jpg 724w, https:\/\/chateaudesanges.com\/wp-content\/uploads\/2025\/04\/GettyImages-867739324-1-300x200.jpg 300w, https:\/\/chateaudesanges.com\/wp-content\/uploads\/2025\/04\/GettyImages-867739324-1-18x12.jpg 18w\" sizes=\"(max-width: 724px) 100vw, 724px\" title=\"\">\t\t\t\t\t\t\t\t<\/a>\n\t\t\t\t\t\t\t\t\t\t\t\t\t\t\t<\/div>\n\t\t\t\t<\/div>\n\t\t<div class=\"elementor-element elementor-element-6a1db972 e-flex e-con-boxed e-con e-child\" data-id=\"6a1db972\" data-element_type=\"container\" data-e-type=\"container\" data-settings=\"{&quot;background_background&quot;:&quot;classic&quot;}\">\n\t\t\t\t\t<div class=\"e-con-inner\">\n\t\t<div class=\"elementor-element elementor-element-d3c625a e-flex e-con-boxed e-con e-child\" data-id=\"d3c625a\" data-element_type=\"container\" data-e-type=\"container\" data-settings=\"{&quot;background_background&quot;:&quot;classic&quot;}\">\n\t\t\t\t\t<div class=\"e-con-inner\">\n\t\t\t\t<div class=\"elementor-element elementor-element-6e36d4e9 elementor-widget elementor-widget-heading\" data-id=\"6e36d4e9\" data-element_type=\"widget\" data-e-type=\"widget\" data-widget_type=\"heading.default\">\n\t\t\t\t<div class=\"elementor-widget-container\">\n\t\t\t\t\t<h3 class=\"elementor-heading-title elementor-size-default\">Why choose the Vercors<\/h3>\t\t\t\t<\/div>\n\t\t\t\t<\/div>\n\t\t\t\t<div class=\"elementor-element elementor-element-13ca8a62 elementor-align-center elementor-widget elementor-widget-button\" data-id=\"13ca8a62\" data-element_type=\"widget\" data-e-type=\"widget\" data-widget_type=\"button.default\">\n\t\t\t\t<div class=\"elementor-widget-container\">\n\t\t\t\t\t\t\t\t\t<div class=\"elementor-button-wrapper\">\n\t\t\t\t\t<a class=\"elementor-button elementor-button-link elementor-size-sm\" href=\"https:\/\/chateaudesanges.com\/en\/destination\/seminaire-vercors\/\">\n\t\t\t\t\t\t<span class=\"elementor-button-content-wrapper\">\n\t\t\t\t\t\t\t\t\t<span class=\"elementor-button-text\">See more<\/span>\n\t\t\t\t\t<\/span>\n\t\t\t\t\t<\/a>\n\t\t\t\t<\/div>\n\t\t\t\t\t\t\t\t<\/div>\n\t\t\t\t<\/div>\n\t\t\t\t\t<\/div>\n\t\t\t\t<\/div>\n\t\t\t\t\t<\/div>\n\t\t\t\t<\/div>\n\t\t\t\t\t<\/div>\n\t\t\t\t<\/div>\n\t\t\t\t\t<\/div>\n\t\t\t\t<\/div>\n\t\t\t\t\t<\/div>\n\t\t\t\t<\/div>\n\t\t\t\t<\/div>","protected":false},"excerpt":{"rendered":"<p>L\u2019art du bien-\u00eatre : Centres de spa et bien-\u00eatre en Is\u00e8re et Dr\u00f4me Spa en Is\u00e8re Entre les montagnes de l\u2019Is\u00e8re et les paysages apaisants de la Dr\u00f4me, la r\u00e9gion offre un cadre id\u00e9al pour prendre soin de soi et se ressourcer. Que vous soyez en qu\u00eate de d\u00e9tente apr\u00e8s une journ\u00e9e de randonn\u00e9e ou [&hellip;]<\/p>\n","protected":false},"author":8,"featured_media":0,"parent":65,"menu_order":0,"comment_status":"closed","ping_status":"closed","template":"","meta":{"_acf_changed":false,"inline_featured_image":false,"footnotes":""},"class_list":["post-4162","page","type-page","status-publish","hentry"],"acf":[],"_links":{"self":[{"href":"https:\/\/chateaudesanges.com\/en\/wp-json\/wp\/v2\/pages\/4162","targetHints":{"allow":["GET"]}}],"collection":[{"href":"https:\/\/chateaudesanges.com\/en\/wp-json\/wp\/v2\/pages"}],"about":[{"href":"https:\/\/chateaudesanges.com\/en\/wp-json\/wp\/v2\/types\/page"}],"author":[{"embeddable":true,"href":"https:\/\/chateaudesanges.com\/en\/wp-json\/wp\/v2\/users\/8"}],"replies":[{"embeddable":true,"href":"https:\/\/chateaudesanges.com\/en\/wp-json\/wp\/v2\/comments?post=4162"}],"version-history":[{"count":94,"href":"https:\/\/chateaudesanges.com\/en\/wp-json\/wp\/v2\/pages\/4162\/revisions"}],"predecessor-version":[{"id":6493,"href":"https:\/\/chateaudesanges.com\/en\/wp-json\/wp\/v2\/pages\/4162\/revisions\/6493"}],"up":[{"embeddable":true,"href":"https:\/\/chateaudesanges.com\/en\/wp-json\/wp\/v2\/pages\/65"}],"wp:attachment":[{"href":"https:\/\/chateaudesanges.com\/en\/wp-json\/wp\/v2\/media?parent=4162"}],"curies":[{"name":"wp","href":"https:\/\/api.w.org\/{rel}","templated":true}]}}