{"id":4158,"date":"2025-03-25T19:21:09","date_gmt":"2025-03-25T18:21:09","guid":{"rendered":"https:\/\/chateaudesanges.com\/?page_id=4158"},"modified":"2025-04-14T11:47:54","modified_gmt":"2025-04-14T09:47:54","slug":"business-in-isere","status":"publish","type":"page","link":"https:\/\/chateaudesanges.com\/en\/destination\/activite-en-isere\/","title":{"rendered":"Local produce not to be missed : Visit the local producers around Saint-Just-de-Claix"},"content":{"rendered":"<div data-elementor-type=\"wp-page\" data-elementor-id=\"4158\" class=\"elementor elementor-4158\" data-elementor-post-type=\"page\">\n\t\t\t\t<div class=\"elementor-element elementor-element-5152dd76 e-con-full e-flex e-con e-parent\" data-id=\"5152dd76\" data-element_type=\"container\" data-e-type=\"container\" id=\"top\" data-settings=\"{&quot;background_background&quot;:&quot;classic&quot;}\">\n\t\t\t\t<div class=\"elementor-element elementor-element-337d6633 elementor-widget elementor-widget-heading\" data-id=\"337d6633\" data-element_type=\"widget\" data-e-type=\"widget\" data-widget_type=\"heading.default\">\n\t\t\t\t<div class=\"elementor-widget-container\">\n\t\t\t\t\t<span class=\"elementor-heading-title elementor-size-default\">Local favourites : <br>Visit to local producers <br>around Saint-Just-de-Claix<\/span>\t\t\t\t<\/div>\n\t\t\t\t<\/div>\n\t\t\t\t<div class=\"elementor-element elementor-element-3fcae56 elementor-widget elementor-widget-heading\" data-id=\"3fcae56\" data-element_type=\"widget\" data-e-type=\"widget\" data-widget_type=\"heading.default\">\n\t\t\t\t<div class=\"elementor-widget-container\">\n\t\t\t\t\t<h1 class=\"elementor-heading-title elementor-size-default\">Business in Is\u00e8re<\/h1>\t\t\t\t<\/div>\n\t\t\t\t<\/div>\n\t\t\t\t<\/div>\n\t\t<div class=\"elementor-element elementor-element-1a17b6c0 e-con-full e-flex e-con e-parent\" data-id=\"1a17b6c0\" data-element_type=\"container\" data-e-type=\"container\" id=\"first-content\">\n\t\t<div class=\"elementor-element elementor-element-7aec88e9 e-con-full e-flex e-con e-child\" data-id=\"7aec88e9\" data-element_type=\"container\" data-e-type=\"container\">\n\t\t\t\t<div class=\"elementor-element elementor-element-9ce17f3 elementor-widget elementor-widget-text-editor\" data-id=\"9ce17f3\" data-element_type=\"widget\" data-e-type=\"widget\" data-widget_type=\"text-editor.default\">\n\t\t\t\t<div class=\"elementor-widget-container\">\n\t\t\t\t\t\t\t\t\t<p class=\"\" data-start=\"3596\" data-end=\"3900\">Nestling between the Dr\u00f4me and Is\u00e8re departments, the region around Saint-Just-de-Claix is bursting with authentic flavours and exceptional local produce. From the mountains to the valleys, every corner of this region is a treasure trove of agricultural and gastronomic treasures. For those wishing to discover the region in its purest expression, a visit to the local producers is a must.<\/p><p data-start=\"3596\" data-end=\"3900\">\u00a0<\/p><p class=\"\" data-start=\"3596\" data-end=\"3900\"><strong>Le Ch\u00e2teau des Anges<\/strong>Situated in the heart of this bountiful natural environment, it's an ideal base from which to meet the people who shape the region's flavours.<\/p>\t\t\t\t\t\t\t\t<\/div>\n\t\t\t\t<\/div>\n\t\t\t\t<div class=\"elementor-element elementor-element-17d7a66f elementor-widget elementor-widget-heading\" data-id=\"17d7a66f\" data-element_type=\"widget\" data-e-type=\"widget\" data-widget_type=\"heading.default\">\n\t\t\t\t<div class=\"elementor-widget-container\">\n\t\t\t\t\t<h2 class=\"elementor-heading-title elementor-size-default\">Local producers to discover for your activities in Is\u00e8re<\/h2>\t\t\t\t<\/div>\n\t\t\t\t<\/div>\n\t\t\t\t<div class=\"elementor-element elementor-element-f65d0eb elementor-widget elementor-widget-text-editor\" data-id=\"f65d0eb\" data-element_type=\"widget\" data-e-type=\"widget\" data-widget_type=\"text-editor.default\">\n\t\t\t\t<div class=\"elementor-widget-container\">\n\t\t\t\t\t\t\t\t\t<h3>Vercors goat's cheese<\/h3><p>A must for cheese lovers, Vercors goat's cheese is one of the treasures of the local terroir. A number of farms around Saint-Just-de-Claix offer tours where you can find out how this renowned cheese is made, taste fresh, sharp products, and meet the passionate producers who keep this tradition alive. Don't miss the chance to visit La Ch\u00e8vre Noire farm or La Ferme de P\u00e9p\u00e9, two places that will win you over with their authenticity.<\/p><p>\u00a0<\/p><h3>Honey from the Dr\u00f4me<\/h3><p>The Dr\u00f4me is a land of beekeeping, where unspoilt nature produces exceptional honeys. By visiting local beekeepers like La Miellerie du Pays de Romans, you can not only taste a wide variety of honeys, but also discover the fascinating world of bees and understand the crucial role they play in preserving the ecosystem. A sweet experience not to be missed.<\/p><p>\u00a0<\/p><h3>Local fruit and vegetables<\/h3><p>Local producers around Saint-Just-de-Claix grow fruit and vegetables with incomparable flavours, bursting with sunshine and know-how. The region is full of farms that are open to visitors, whether they want to explore the vegetable gardens or enjoy fresh seasonal produce directly from the farm. The Ferme des 3 Pignons, for example, offers guided tours of its fields and invites you to taste its seasonal fruit, grown with respect for the environment.<\/p>\t\t\t\t\t\t\t\t<\/div>\n\t\t\t\t<\/div>\n\t\t\t\t<\/div>\n\t\t<div class=\"elementor-element elementor-element-65eb2804 e-con-full e-flex e-con e-child\" data-id=\"65eb2804\" data-element_type=\"container\" data-e-type=\"container\">\n\t\t\t\t<div class=\"elementor-element elementor-element-1a75b8ef elementor-widget-tablet__width-inherit elementor-widget elementor-widget-image\" data-id=\"1a75b8ef\" data-element_type=\"widget\" data-e-type=\"widget\" data-widget_type=\"image.default\">\n\t\t\t\t<div class=\"elementor-widget-container\">\n\t\t\t\t\t\t\t\t\t\t\t\t\t\t\t<img fetchpriority=\"high\" decoding=\"async\" width=\"683\" height=\"1024\" src=\"https:\/\/chateaudesanges.com\/wp-content\/uploads\/2025\/04\/GettyImages-1195120013-683x1024.jpg\" class=\"attachment-large size-large wp-image-4769\" alt=\"\" srcset=\"https:\/\/chateaudesanges.com\/wp-content\/uploads\/2025\/04\/GettyImages-1195120013-683x1024.jpg 683w, https:\/\/chateaudesanges.com\/wp-content\/uploads\/2025\/04\/GettyImages-1195120013-200x300.jpg 200w, https:\/\/chateaudesanges.com\/wp-content\/uploads\/2025\/04\/GettyImages-1195120013-768x1152.jpg 768w, https:\/\/chateaudesanges.com\/wp-content\/uploads\/2025\/04\/GettyImages-1195120013-1024x1536.jpg 1024w, https:\/\/chateaudesanges.com\/wp-content\/uploads\/2025\/04\/GettyImages-1195120013-1365x2048.jpg 1365w, https:\/\/chateaudesanges.com\/wp-content\/uploads\/2025\/04\/GettyImages-1195120013-8x12.jpg 8w, https:\/\/chateaudesanges.com\/wp-content\/uploads\/2025\/04\/GettyImages-1195120013.jpg 1414w\" sizes=\"(max-width: 683px) 100vw, 683px\" title=\"\">\t\t\t\t\t\t\t\t\t\t\t\t\t\t\t<\/div>\n\t\t\t\t<\/div>\n\t\t\t\t<\/div>\n\t\t\t\t<\/div>\n\t\t<div class=\"elementor-element elementor-element-1cf4d89 e-con-full e-flex e-con e-parent\" data-id=\"1cf4d89\" data-element_type=\"container\" data-e-type=\"container\">\n\t\t<div class=\"elementor-element elementor-element-38c6901 e-con-full e-flex e-con e-child\" data-id=\"38c6901\" data-element_type=\"container\" data-e-type=\"container\">\n\t\t\t\t<div class=\"elementor-element elementor-element-12d8a73 elementor-widget elementor-widget-heading\" data-id=\"12d8a73\" data-element_type=\"widget\" data-e-type=\"widget\" data-widget_type=\"heading.default\">\n\t\t\t\t<div class=\"elementor-widget-container\">\n\t\t\t\t\t<h2 class=\"elementor-heading-title elementor-size-default\">Le Ch\u00e2teau des Anges: A gourmet holiday in the heart of the terroir<\/h2>\t\t\t\t<\/div>\n\t\t\t\t<\/div>\n\t\t\t\t<div class=\"elementor-element elementor-element-59aff3f elementor-widget elementor-widget-text-editor\" data-id=\"59aff3f\" data-element_type=\"widget\" data-e-type=\"widget\" data-widget_type=\"text-editor.default\">\n\t\t\t\t<div class=\"elementor-widget-container\">\n\t\t\t\t\t\t\t\t\t<p>After exploring local producers and sampling their tasty products, return to Ch\u00e2teau des Anges for a gourmet experience. As a host to this region, we make it a point of honour to incorporate local produce into our catering offers and the welcome we extend to our guests. Take advantage of our green setting to enjoy meals prepared with local ingredients, or why not organise a private tasting of local wines and specialities in our lounge or on the sunny terrace?<\/p><p>\u00a0<\/p><h2>Immerse yourself in the heart of the terroir<\/h2><p>\u00a0<\/p><p>Visits to local producers around Saint-Just-de-Claix are a real immersion in the heart of the Is\u00e8re and Dr\u00f4me terroir. These encounters with those who cultivate the land and create today's flavours are an opportunity to share convivial moments, learn about farming traditions and take home exceptional products. Whether you're passionate about gastronomy or simply curious to discover authentic flavours, these visits will enrich your stay and leave you with a taste of authenticity.<\/p>\t\t\t\t\t\t\t\t<\/div>\n\t\t\t\t<\/div>\n\t\t\t\t<\/div>\n\t\t<div class=\"elementor-element elementor-element-37fbaa5 e-con-full e-flex e-con e-child\" data-id=\"37fbaa5\" data-element_type=\"container\" data-e-type=\"container\">\n\t\t\t\t<div class=\"elementor-element elementor-element-df3b1d5 elementor-widget-tablet__width-inherit elementor-widget elementor-widget-image\" data-id=\"df3b1d5\" data-element_type=\"widget\" data-e-type=\"widget\" data-widget_type=\"image.default\">\n\t\t\t\t<div class=\"elementor-widget-container\">\n\t\t\t\t\t\t\t\t\t\t\t\t\t\t\t<img decoding=\"async\" width=\"800\" height=\"534\" src=\"https:\/\/chateaudesanges.com\/wp-content\/uploads\/2025\/04\/AG-mariageJR-22.jpg\" class=\"attachment-large size-large wp-image-4768\" alt=\"\" srcset=\"https:\/\/chateaudesanges.com\/wp-content\/uploads\/2025\/04\/AG-mariageJR-22.jpg 1024w, https:\/\/chateaudesanges.com\/wp-content\/uploads\/2025\/04\/AG-mariageJR-22-300x200.jpg 300w, https:\/\/chateaudesanges.com\/wp-content\/uploads\/2025\/04\/AG-mariageJR-22-768x512.jpg 768w, https:\/\/chateaudesanges.com\/wp-content\/uploads\/2025\/04\/AG-mariageJR-22-18x12.jpg 18w\" sizes=\"(max-width: 800px) 100vw, 800px\" title=\"\">\t\t\t\t\t\t\t\t\t\t\t\t\t\t\t<\/div>\n\t\t\t\t<\/div>\n\t\t\t\t<\/div>\n\t\t\t\t<\/div>\n\t\t<div class=\"elementor-element elementor-element-5be878d4 e-flex e-con-boxed e-con e-parent\" data-id=\"5be878d4\" data-element_type=\"container\" data-e-type=\"container\">\n\t\t\t\t\t<div class=\"e-con-inner\">\n\t\t\t\t<div class=\"elementor-element elementor-element-222503aa elementor-widget elementor-widget-heading\" data-id=\"222503aa\" data-element_type=\"widget\" data-e-type=\"widget\" data-widget_type=\"heading.default\">\n\t\t\t\t<div class=\"elementor-widget-container\">\n\t\t\t\t\t<h2 class=\"elementor-heading-title elementor-size-default\">Discover our other destinations<\/h2>\t\t\t\t<\/div>\n\t\t\t\t<\/div>\n\t\t<div class=\"elementor-element elementor-element-736d1686 e-flex e-con-boxed e-con e-child\" data-id=\"736d1686\" data-element_type=\"container\" data-e-type=\"container\">\n\t\t\t\t\t<div class=\"e-con-inner\">\n\t\t<div class=\"elementor-element elementor-element-494258a8 e-flex e-con-boxed e-con e-child\" data-id=\"494258a8\" data-element_type=\"container\" data-e-type=\"container\">\n\t\t\t\t\t<div class=\"e-con-inner\">\n\t\t\t\t<div class=\"elementor-element elementor-element-157bb6b2 animated-slow elementor-invisible elementor-widget elementor-widget-image\" data-id=\"157bb6b2\" data-element_type=\"widget\" data-e-type=\"widget\" data-settings=\"{&quot;_animation&quot;:&quot;fadeIn&quot;,&quot;_animation_delay&quot;:500}\" data-widget_type=\"image.default\">\n\t\t\t\t<div class=\"elementor-widget-container\">\n\t\t\t\t\t\t\t\t\t\t\t\t\t\t\t\t<a href=\"#\">\n\t\t\t\t\t\t\t<img decoding=\"async\" width=\"2560\" height=\"1707\" src=\"https:\/\/chateaudesanges.com\/wp-content\/uploads\/2025\/04\/GettyImages-1299861601-1-scaled.jpg\" class=\"elementor-animation-sink attachment-full size-full wp-image-4775\" alt=\"\" srcset=\"https:\/\/chateaudesanges.com\/wp-content\/uploads\/2025\/04\/GettyImages-1299861601-1-scaled.jpg 2560w, https:\/\/chateaudesanges.com\/wp-content\/uploads\/2025\/04\/GettyImages-1299861601-1-300x200.jpg 300w, https:\/\/chateaudesanges.com\/wp-content\/uploads\/2025\/04\/GettyImages-1299861601-1-1024x683.jpg 1024w, https:\/\/chateaudesanges.com\/wp-content\/uploads\/2025\/04\/GettyImages-1299861601-1-768x512.jpg 768w, https:\/\/chateaudesanges.com\/wp-content\/uploads\/2025\/04\/GettyImages-1299861601-1-1536x1024.jpg 1536w, https:\/\/chateaudesanges.com\/wp-content\/uploads\/2025\/04\/GettyImages-1299861601-1-2048x1365.jpg 2048w, https:\/\/chateaudesanges.com\/wp-content\/uploads\/2025\/04\/GettyImages-1299861601-1-18x12.jpg 18w\" sizes=\"(max-width: 2560px) 100vw, 2560px\" title=\"\">\t\t\t\t\t\t\t\t<\/a>\n\t\t\t\t\t\t\t\t\t\t\t\t\t\t\t<\/div>\n\t\t\t\t<\/div>\n\t\t<div class=\"elementor-element elementor-element-782157c1 e-flex e-con-boxed e-con e-child\" data-id=\"782157c1\" data-element_type=\"container\" data-e-type=\"container\" data-settings=\"{&quot;background_background&quot;:&quot;classic&quot;}\">\n\t\t\t\t\t<div class=\"e-con-inner\">\n\t\t<div class=\"elementor-element elementor-element-708b773e e-flex e-con-boxed e-con e-child\" data-id=\"708b773e\" data-element_type=\"container\" data-e-type=\"container\" data-settings=\"{&quot;background_background&quot;:&quot;classic&quot;}\">\n\t\t\t\t\t<div class=\"e-con-inner\">\n\t\t\t\t<div class=\"elementor-element elementor-element-1d4f5f92 elementor-widget elementor-widget-heading\" data-id=\"1d4f5f92\" data-element_type=\"widget\" data-e-type=\"widget\" data-widget_type=\"heading.default\">\n\t\t\t\t<div class=\"elementor-widget-container\">\n\t\t\t\t\t<h3 class=\"elementor-heading-title elementor-size-default\">The art of well-being<\/h3>\t\t\t\t<\/div>\n\t\t\t\t<\/div>\n\t\t\t\t<div class=\"elementor-element elementor-element-44f1ac97 elementor-align-center elementor-widget elementor-widget-button\" data-id=\"44f1ac97\" data-element_type=\"widget\" data-e-type=\"widget\" data-widget_type=\"button.default\">\n\t\t\t\t<div class=\"elementor-widget-container\">\n\t\t\t\t\t\t\t\t\t<div class=\"elementor-button-wrapper\">\n\t\t\t\t\t<a class=\"elementor-button elementor-button-link elementor-size-sm\" href=\"https:\/\/chateaudesanges.com\/en\/destination\/spa-en-isere\/\">\n\t\t\t\t\t\t<span class=\"elementor-button-content-wrapper\">\n\t\t\t\t\t\t\t\t\t<span class=\"elementor-button-text\">See more<\/span>\n\t\t\t\t\t<\/span>\n\t\t\t\t\t<\/a>\n\t\t\t\t<\/div>\n\t\t\t\t\t\t\t\t<\/div>\n\t\t\t\t<\/div>\n\t\t\t\t\t<\/div>\n\t\t\t\t<\/div>\n\t\t\t\t\t<\/div>\n\t\t\t\t<\/div>\n\t\t\t\t\t<\/div>\n\t\t\t\t<\/div>\n\t\t<div class=\"elementor-element elementor-element-1eb24f56 e-flex e-con-boxed e-con e-child\" data-id=\"1eb24f56\" data-element_type=\"container\" data-e-type=\"container\">\n\t\t\t\t\t<div class=\"e-con-inner\">\n\t\t\t\t<div class=\"elementor-element elementor-element-675abd2d animated-slow elementor-invisible elementor-widget elementor-widget-image\" data-id=\"675abd2d\" data-element_type=\"widget\" data-e-type=\"widget\" data-settings=\"{&quot;_animation&quot;:&quot;fadeIn&quot;,&quot;_animation_delay&quot;:500}\" data-widget_type=\"image.default\">\n\t\t\t\t<div class=\"elementor-widget-container\">\n\t\t\t\t\t\t\t\t\t\t\t\t\t\t\t\t<a href=\"#\">\n\t\t\t\t\t\t\t<img loading=\"lazy\" decoding=\"async\" width=\"724\" height=\"483\" src=\"https:\/\/chateaudesanges.com\/wp-content\/uploads\/2025\/04\/GettyImages-867739324-1.jpg\" class=\"elementor-animation-sink attachment-full size-full wp-image-4684\" alt=\"\" srcset=\"https:\/\/chateaudesanges.com\/wp-content\/uploads\/2025\/04\/GettyImages-867739324-1.jpg 724w, https:\/\/chateaudesanges.com\/wp-content\/uploads\/2025\/04\/GettyImages-867739324-1-300x200.jpg 300w, https:\/\/chateaudesanges.com\/wp-content\/uploads\/2025\/04\/GettyImages-867739324-1-18x12.jpg 18w\" sizes=\"(max-width: 724px) 100vw, 724px\" title=\"\">\t\t\t\t\t\t\t\t<\/a>\n\t\t\t\t\t\t\t\t\t\t\t\t\t\t\t<\/div>\n\t\t\t\t<\/div>\n\t\t<div class=\"elementor-element elementor-element-54f72940 e-flex e-con-boxed e-con e-child\" data-id=\"54f72940\" data-element_type=\"container\" data-e-type=\"container\" data-settings=\"{&quot;background_background&quot;:&quot;classic&quot;}\">\n\t\t\t\t\t<div class=\"e-con-inner\">\n\t\t<div class=\"elementor-element elementor-element-333354d e-flex e-con-boxed e-con e-child\" data-id=\"333354d\" data-element_type=\"container\" data-e-type=\"container\" data-settings=\"{&quot;background_background&quot;:&quot;classic&quot;}\">\n\t\t\t\t\t<div class=\"e-con-inner\">\n\t\t\t\t<div class=\"elementor-element elementor-element-398e40d elementor-widget elementor-widget-heading\" data-id=\"398e40d\" data-element_type=\"widget\" data-e-type=\"widget\" data-widget_type=\"heading.default\">\n\t\t\t\t<div class=\"elementor-widget-container\">\n\t\t\t\t\t<h3 class=\"elementor-heading-title elementor-size-default\">Why choose the Vercors<\/h3>\t\t\t\t<\/div>\n\t\t\t\t<\/div>\n\t\t\t\t<div class=\"elementor-element elementor-element-1cedb533 elementor-align-center elementor-widget elementor-widget-button\" data-id=\"1cedb533\" data-element_type=\"widget\" data-e-type=\"widget\" data-widget_type=\"button.default\">\n\t\t\t\t<div class=\"elementor-widget-container\">\n\t\t\t\t\t\t\t\t\t<div class=\"elementor-button-wrapper\">\n\t\t\t\t\t<a class=\"elementor-button elementor-button-link elementor-size-sm\" href=\"https:\/\/chateaudesanges.com\/en\/destination\/seminaire-vercors\/\">\n\t\t\t\t\t\t<span class=\"elementor-button-content-wrapper\">\n\t\t\t\t\t\t\t\t\t<span class=\"elementor-button-text\">See more<\/span>\n\t\t\t\t\t<\/span>\n\t\t\t\t\t<\/a>\n\t\t\t\t<\/div>\n\t\t\t\t\t\t\t\t<\/div>\n\t\t\t\t<\/div>\n\t\t\t\t\t<\/div>\n\t\t\t\t<\/div>\n\t\t\t\t\t<\/div>\n\t\t\t\t<\/div>\n\t\t\t\t\t<\/div>\n\t\t\t\t<\/div>\n\t\t<div class=\"elementor-element elementor-element-6e89e86 e-flex e-con-boxed e-con e-child\" data-id=\"6e89e86\" data-element_type=\"container\" data-e-type=\"container\">\n\t\t\t\t\t<div class=\"e-con-inner\">\n\t\t\t\t<div class=\"elementor-element elementor-element-3594b02e animated-slow elementor-invisible elementor-widget elementor-widget-image\" data-id=\"3594b02e\" data-element_type=\"widget\" data-e-type=\"widget\" data-settings=\"{&quot;_animation&quot;:&quot;fadeIn&quot;,&quot;_animation_delay&quot;:500}\" data-widget_type=\"image.default\">\n\t\t\t\t<div class=\"elementor-widget-container\">\n\t\t\t\t\t\t\t\t\t\t\t\t\t\t\t\t<a href=\"#\">\n\t\t\t\t\t\t\t<img decoding=\"async\" src=\"https:\/\/chateaudesanges.com\/wp-content\/uploads\/2025\/04\/GettyImages-1130304562.jpg\" title=\"\" alt=\"\" class=\"elementor-animation-sink\" loading=\"lazy\">\t\t\t\t\t\t\t\t<\/a>\n\t\t\t\t\t\t\t\t\t\t\t\t\t\t\t<\/div>\n\t\t\t\t<\/div>\n\t\t<div class=\"elementor-element elementor-element-6a1db972 e-flex e-con-boxed e-con e-child\" data-id=\"6a1db972\" data-element_type=\"container\" data-e-type=\"container\" data-settings=\"{&quot;background_background&quot;:&quot;classic&quot;}\">\n\t\t\t\t\t<div class=\"e-con-inner\">\n\t\t<div class=\"elementor-element elementor-element-d3c625a e-flex e-con-boxed e-con e-child\" data-id=\"d3c625a\" data-element_type=\"container\" data-e-type=\"container\" data-settings=\"{&quot;background_background&quot;:&quot;classic&quot;}\">\n\t\t\t\t\t<div class=\"e-con-inner\">\n\t\t\t\t<div class=\"elementor-element elementor-element-6e36d4e9 elementor-widget elementor-widget-heading\" data-id=\"6e36d4e9\" data-element_type=\"widget\" data-e-type=\"widget\" data-widget_type=\"heading.default\">\n\t\t\t\t<div class=\"elementor-widget-container\">\n\t\t\t\t\t<h3 class=\"elementor-heading-title elementor-size-default\">Picturesque escapades<\/h3>\t\t\t\t<\/div>\n\t\t\t\t<\/div>\n\t\t\t\t<div class=\"elementor-element elementor-element-13ca8a62 elementor-align-center elementor-widget elementor-widget-button\" data-id=\"13ca8a62\" data-element_type=\"widget\" data-e-type=\"widget\" data-widget_type=\"button.default\">\n\t\t\t\t<div class=\"elementor-widget-container\">\n\t\t\t\t\t\t\t\t\t<div class=\"elementor-button-wrapper\">\n\t\t\t\t\t<a class=\"elementor-button elementor-button-link elementor-size-sm\" href=\"https:\/\/chateaudesanges.com\/en\/destination\/sortir-en-isere\/\">\n\t\t\t\t\t\t<span class=\"elementor-button-content-wrapper\">\n\t\t\t\t\t\t\t\t\t<span class=\"elementor-button-text\">See more<\/span>\n\t\t\t\t\t<\/span>\n\t\t\t\t\t<\/a>\n\t\t\t\t<\/div>\n\t\t\t\t\t\t\t\t<\/div>\n\t\t\t\t<\/div>\n\t\t\t\t\t<\/div>\n\t\t\t\t<\/div>\n\t\t\t\t\t<\/div>\n\t\t\t\t<\/div>\n\t\t\t\t\t<\/div>\n\t\t\t\t<\/div>\n\t\t\t\t\t<\/div>\n\t\t\t\t<\/div>\n\t\t\t\t\t<\/div>\n\t\t\t\t<\/div>\n\t\t\t\t<\/div>","protected":false},"excerpt":{"rendered":"<p>Les incontournables du terroir : Visite des producteurs locaux autour de Saint-Just-de-Claix Activit\u00e9 en Is\u00e8re Nich\u00e9e entre la Dr\u00f4me et l&rsquo;Is\u00e8re, la r\u00e9gion autour de Saint-Just-de-Claix regorge de saveurs authentiques et de produits locaux d\u2019exception. Des montagnes aux vall\u00e9es, chaque recoin de cette r\u00e9gion est un v\u00e9ritable \u00e9crin de richesses agricoles et gastronomiques. Pour ceux [&hellip;]<\/p>\n","protected":false},"author":8,"featured_media":0,"parent":65,"menu_order":0,"comment_status":"closed","ping_status":"closed","template":"","meta":{"_acf_changed":false,"inline_featured_image":false,"footnotes":""},"class_list":["post-4158","page","type-page","status-publish","hentry"],"acf":[],"_links":{"self":[{"href":"https:\/\/chateaudesanges.com\/en\/wp-json\/wp\/v2\/pages\/4158","targetHints":{"allow":["GET"]}}],"collection":[{"href":"https:\/\/chateaudesanges.com\/en\/wp-json\/wp\/v2\/pages"}],"about":[{"href":"https:\/\/chateaudesanges.com\/en\/wp-json\/wp\/v2\/types\/page"}],"author":[{"embeddable":true,"href":"https:\/\/chateaudesanges.com\/en\/wp-json\/wp\/v2\/users\/8"}],"replies":[{"embeddable":true,"href":"https:\/\/chateaudesanges.com\/en\/wp-json\/wp\/v2\/comments?post=4158"}],"version-history":[{"count":49,"href":"https:\/\/chateaudesanges.com\/en\/wp-json\/wp\/v2\/pages\/4158\/revisions"}],"predecessor-version":[{"id":6344,"href":"https:\/\/chateaudesanges.com\/en\/wp-json\/wp\/v2\/pages\/4158\/revisions\/6344"}],"up":[{"embeddable":true,"href":"https:\/\/chateaudesanges.com\/en\/wp-json\/wp\/v2\/pages\/65"}],"wp:attachment":[{"href":"https:\/\/chateaudesanges.com\/en\/wp-json\/wp\/v2\/media?parent=4158"}],"curies":[{"name":"wp","href":"https:\/\/api.w.org\/{rel}","templated":true}]}}