{"id":3818,"date":"2025-03-10T18:26:38","date_gmt":"2025-03-10T17:26:38","guid":{"rendered":"https:\/\/chateaudesanges.com\/?page_id=3818"},"modified":"2025-07-30T15:28:02","modified_gmt":"2025-07-30T13:28:02","slug":"chateau-in-isere-for-wedding","status":"publish","type":"page","link":"https:\/\/chateaudesanges.com\/en\/chateau-en-isere-pour-mariage\/","title":{"rendered":"Access"},"content":{"rendered":"<div data-elementor-type=\"wp-page\" data-elementor-id=\"3818\" class=\"elementor elementor-3818\" data-elementor-post-type=\"page\">\n\t\t\t\t<div class=\"elementor-element elementor-element-074881a e-con-full e-flex e-con e-parent\" data-id=\"074881a\" data-element_type=\"container\" data-e-type=\"container\" id=\"top\" data-settings=\"{&quot;background_background&quot;:&quot;classic&quot;}\">\n\t\t\t\t<div class=\"elementor-element elementor-element-e5628e2 elementor-widget elementor-widget-heading\" data-id=\"e5628e2\" data-element_type=\"widget\" data-e-type=\"widget\" data-widget_type=\"heading.default\">\n\t\t\t\t<div class=\"elementor-widget-container\">\n\t\t\t\t\t<span class=\"elementor-heading-title elementor-size-default\">Acc\u00e8s &amp; contact<\/span>\t\t\t\t<\/div>\n\t\t\t\t<\/div>\n\t\t\t\t<div class=\"elementor-element elementor-element-b69c7e6 elementor-widget elementor-widget-heading\" data-id=\"b69c7e6\" data-element_type=\"widget\" data-e-type=\"widget\" data-widget_type=\"heading.default\">\n\t\t\t\t<div class=\"elementor-widget-container\">\n\t\t\t\t\t<h1 class=\"elementor-heading-title elementor-size-default\">Le Ch\u00e2teau des Anges :<br>choose Is\u00e8re for your wedding<\/h1>\t\t\t\t<\/div>\n\t\t\t\t<\/div>\n\t\t\t\t<\/div>\n\t\t<div class=\"elementor-element elementor-element-97adf77 e-con-full e-flex e-con e-parent\" data-id=\"97adf77\" data-element_type=\"container\" data-e-type=\"container\" id=\"first-content\" data-settings=\"{&quot;background_background&quot;:&quot;classic&quot;}\">\n\t\t\t\t<div class=\"elementor-element elementor-element-1035505 elementor-widget elementor-widget-heading\" data-id=\"1035505\" data-element_type=\"widget\" data-e-type=\"widget\" data-widget_type=\"heading.default\">\n\t\t\t\t<div class=\"elementor-widget-container\">\n\t\t\t\t\t<h2 class=\"elementor-heading-title elementor-size-default\">Contact us <\/h2>\t\t\t\t<\/div>\n\t\t\t\t<\/div>\n\t\t\t\t<div class=\"elementor-element elementor-element-7f4be16 elementor-widget-divider--separator-type-pattern elementor-widget-divider--view-line elementor-widget elementor-widget-divider\" data-id=\"7f4be16\" data-element_type=\"widget\" data-e-type=\"widget\" data-widget_type=\"divider.default\">\n\t\t\t\t<div class=\"elementor-widget-container\">\n\t\t\t\t\t\t\t<div class=\"elementor-divider\" style=\"--divider-pattern-url: url(&quot;data:image\/svg+xml,%3Csvg xmlns=&#039;http:\/\/www.w3.org\/2000\/svg&#039; preserveAspectRatio=&#039;none&#039; overflow=&#039;visible&#039; height=&#039;100%&#039; viewBox=&#039;0 0 24 24&#039; fill=&#039;none&#039; stroke=&#039;black&#039; stroke-width=&#039;1&#039; stroke-linecap=&#039;square&#039; stroke-miterlimit=&#039;10&#039;%3E%3Cpath d=&#039;M0,6c6,0,6,13,12,13S18,6,24,6&#039;\/%3E%3C\/svg%3E&quot;);\">\n\t\t\t<span class=\"elementor-divider-separator\">\n\t\t\t\t\t\t<\/span>\n\t\t<\/div>\n\t\t\t\t\t\t<\/div>\n\t\t\t\t<\/div>\n\t\t\t\t<div class=\"elementor-element elementor-element-f7b07de elementor-widget elementor-widget-image\" data-id=\"f7b07de\" data-element_type=\"widget\" data-e-type=\"widget\" data-widget_type=\"image.default\">\n\t\t\t\t<div class=\"elementor-widget-container\">\n\t\t\t\t\t\t\t\t\t\t\t\t\t\t\t<img fetchpriority=\"high\" decoding=\"async\" width=\"800\" height=\"356\" src=\"https:\/\/chateaudesanges.com\/wp-content\/uploads\/2023\/06\/logo-chateaudesanges-300dpi_lin-1-1024x456.png\" class=\"attachment-large size-large wp-image-3709\" alt=\"\" srcset=\"https:\/\/chateaudesanges.com\/wp-content\/uploads\/2023\/06\/logo-chateaudesanges-300dpi_lin-1-1024x456.png 1024w, https:\/\/chateaudesanges.com\/wp-content\/uploads\/2023\/06\/logo-chateaudesanges-300dpi_lin-1-300x134.png 300w, https:\/\/chateaudesanges.com\/wp-content\/uploads\/2023\/06\/logo-chateaudesanges-300dpi_lin-1-768x342.png 768w, https:\/\/chateaudesanges.com\/wp-content\/uploads\/2023\/06\/logo-chateaudesanges-300dpi_lin-1-1536x685.png 1536w, https:\/\/chateaudesanges.com\/wp-content\/uploads\/2023\/06\/logo-chateaudesanges-300dpi_lin-1-2048x913.png 2048w, https:\/\/chateaudesanges.com\/wp-content\/uploads\/2023\/06\/logo-chateaudesanges-300dpi_lin-1-18x8.png 18w\" sizes=\"(max-width: 800px) 100vw, 800px\" title=\"\">\t\t\t\t\t\t\t\t\t\t\t\t\t\t\t<\/div>\n\t\t\t\t<\/div>\n\t\t\t\t<div class=\"elementor-element elementor-element-ccee7ca elementor-widget elementor-widget-text-editor\" data-id=\"ccee7ca\" data-element_type=\"widget\" data-e-type=\"widget\" data-widget_type=\"text-editor.default\">\n\t\t\t\t<div class=\"elementor-widget-container\">\n\t\t\t\t\t\t\t\t\t<p>300 Mont\u00e9e B\u00e9atrix de Hongrie<\/p><p><strong>38 680<\/strong><\/p><p><strong>SAINT-JUST-DE-CLAIX<\/strong><\/p><p>\u00a0<\/p><p>Tel : +33 (0)4 75 02 70 41<\/p><p>contact@chateaudesanges.com<\/p>\t\t\t\t\t\t\t\t<\/div>\n\t\t\t\t<\/div>\n\t\t<div class=\"elementor-element elementor-element-384edfd e-con-full e-flex e-con e-child\" data-id=\"384edfd\" data-element_type=\"container\" data-e-type=\"container\">\n\t\t<div class=\"elementor-element elementor-element-18b44e6 e-flex e-con-boxed e-con e-child\" data-id=\"18b44e6\" data-element_type=\"container\" data-e-type=\"container\">\n\t\t\t\t\t<div class=\"e-con-inner\">\n\t\t\t\t<div class=\"elementor-element elementor-element-6003d85 elementor-view-default elementor-widget elementor-widget-icon\" data-id=\"6003d85\" data-element_type=\"widget\" data-e-type=\"widget\" data-widget_type=\"icon.default\">\n\t\t\t\t<div class=\"elementor-widget-container\">\n\t\t\t\t\t\t\t<div class=\"elementor-icon-wrapper\">\n\t\t\t<div class=\"elementor-icon\">\n\t\t\t<i aria-hidden=\"true\" class=\"eliofont eliofont-facebook\"><\/i>\t\t\t<\/div>\n\t\t<\/div>\n\t\t\t\t\t\t<\/div>\n\t\t\t\t<\/div>\n\t\t\t\t<div class=\"elementor-element elementor-element-5a64cca elementor-view-default elementor-widget elementor-widget-icon\" data-id=\"5a64cca\" data-element_type=\"widget\" data-e-type=\"widget\" data-widget_type=\"icon.default\">\n\t\t\t\t<div class=\"elementor-widget-container\">\n\t\t\t\t\t\t\t<div class=\"elementor-icon-wrapper\">\n\t\t\t<div class=\"elementor-icon\">\n\t\t\t<i aria-hidden=\"true\" class=\"eliofont eliofont-instagram\"><\/i>\t\t\t<\/div>\n\t\t<\/div>\n\t\t\t\t\t\t<\/div>\n\t\t\t\t<\/div>\n\t\t\t\t<div class=\"elementor-element elementor-element-f991d3f elementor-view-default elementor-widget elementor-widget-icon\" data-id=\"f991d3f\" data-element_type=\"widget\" data-e-type=\"widget\" data-widget_type=\"icon.default\">\n\t\t\t\t<div class=\"elementor-widget-container\">\n\t\t\t\t\t\t\t<div class=\"elementor-icon-wrapper\">\n\t\t\t<div class=\"elementor-icon\">\n\t\t\t<i aria-hidden=\"true\" class=\"eliofont eliofont-linkedin\"><\/i>\t\t\t<\/div>\n\t\t<\/div>\n\t\t\t\t\t\t<\/div>\n\t\t\t\t<\/div>\n\t\t\t\t\t<\/div>\n\t\t\t\t<\/div>\n\t\t\t\t<\/div>\n\t\t\t\t<\/div>\n\t\t<div class=\"elementor-element elementor-element-d2b0dea e-flex e-con-boxed e-con e-parent\" data-id=\"d2b0dea\" data-element_type=\"container\" data-e-type=\"container\">\n\t\t\t\t\t<div class=\"e-con-inner\">\n\t\t\t\t<div class=\"elementor-element elementor-element-c25b5d5 elementor-widget elementor-widget-heading\" data-id=\"c25b5d5\" data-element_type=\"widget\" data-e-type=\"widget\" data-widget_type=\"heading.default\">\n\t\t\t\t<div class=\"elementor-widget-container\">\n\t\t\t\t\t<h2 class=\"elementor-heading-title elementor-size-default\">How to get here <\/h2>\t\t\t\t<\/div>\n\t\t\t\t<\/div>\n\t\t\t\t<div class=\"elementor-element elementor-element-a965688 elementor-widget-divider--separator-type-pattern elementor-widget-divider--view-line elementor-widget elementor-widget-divider\" data-id=\"a965688\" data-element_type=\"widget\" data-e-type=\"widget\" data-widget_type=\"divider.default\">\n\t\t\t\t<div class=\"elementor-widget-container\">\n\t\t\t\t\t\t\t<div class=\"elementor-divider\" style=\"--divider-pattern-url: url(&quot;data:image\/svg+xml,%3Csvg xmlns=&#039;http:\/\/www.w3.org\/2000\/svg&#039; preserveAspectRatio=&#039;none&#039; overflow=&#039;visible&#039; height=&#039;100%&#039; viewBox=&#039;0 0 24 24&#039; fill=&#039;none&#039; stroke=&#039;black&#039; stroke-width=&#039;1&#039; stroke-linecap=&#039;square&#039; stroke-miterlimit=&#039;10&#039;%3E%3Cpath d=&#039;M0,6c6,0,6,13,12,13S18,6,24,6&#039;\/%3E%3C\/svg%3E&quot;);\">\n\t\t\t<span class=\"elementor-divider-separator\">\n\t\t\t\t\t\t<\/span>\n\t\t<\/div>\n\t\t\t\t\t\t<\/div>\n\t\t\t\t<\/div>\n\t\t<div class=\"elementor-element elementor-element-541cd4f e-con-full e-flex e-con e-child\" data-id=\"541cd4f\" data-element_type=\"container\" data-e-type=\"container\">\n\t\t<div class=\"elementor-element elementor-element-f84fe1e e-con-full e-flex e-con e-child\" data-id=\"f84fe1e\" data-element_type=\"container\" data-e-type=\"container\">\n\t\t\t\t<div class=\"elementor-element elementor-element-34faf51 elementor-widget__width-initial elementor-widget elementor-widget-text-editor\" data-id=\"34faf51\" data-element_type=\"widget\" data-e-type=\"widget\" data-widget_type=\"text-editor.default\">\n\t\t\t\t<div class=\"elementor-widget-container\">\n\t\t\t\t\t\t\t\t\t<p><strong>From Grenoble or Chamb\u00e9ry :<\/strong>\u00a0A49 exit St-Marcellin, direction St-Romans then St-Just-de-Claix. Exit St-Just at the top left.<\/p><p>\u00a0<\/p><p><strong>From Valence or Romans :<\/strong>\u00a0A49 exit St-Nazaire-en-Royans. Go through St-Nazaire, towards St-Just-de-Claix. At the roundabout, go straight on and then take the 1st right.<\/p>\t\t\t\t\t\t\t\t<\/div>\n\t\t\t\t<\/div>\n\t\t\t\t<div class=\"elementor-element elementor-element-fdd4527 elementor-widget__width-initial e-n-tabs-mobile elementor-widget elementor-widget-n-tabs\" data-id=\"fdd4527\" data-element_type=\"widget\" data-e-type=\"widget\" data-widget_type=\"nested-tabs.default\">\n\t\t\t\t<div class=\"elementor-widget-container\">\n\t\t\t\t\t\t\t<div class=\"e-n-tabs\" data-widget-number=\"266159399\" aria-label=\"Tabs. Open items with Enter or Space, close with Escape and navigate using the Arrow keys.\" data-no-translation-aria-label=\"\">\n\t\t\t<div class=\"e-n-tabs-heading\" role=\"tablist\">\n\t\t\t\t\t<button id=\"e-n-tab-title-2661593991\" data-tab-title-id=\"e-n-tab-title-2661593991\" class=\"e-n-tab-title\" aria-selected=\"true\" data-tab-index=\"1\" role=\"tab\" tabindex=\"0\" aria-controls=\"e-n-tab-content-2661593991\" style=\"--n-tabs-title-order: 1;\">\n\t\t\t\t\t<span class=\"e-n-tab-icon\">\n\t\t\t<i aria-hidden=\"true\" class=\"eliofont eliofont-parking\"><\/i>\t\t\t<i aria-hidden=\"true\" class=\"eliofont eliofont-parking\"><\/i>\t\t<\/span>\n\t\t\t\t\t<span class=\"e-n-tab-title-text\">\n\t\t\t\tPARKING\t\t\t<\/span>\n\t\t<\/button>\n\t\t\t\t<button id=\"e-n-tab-title-2661593992\" data-tab-title-id=\"e-n-tab-title-2661593992\" class=\"e-n-tab-title\" aria-selected=\"false\" data-tab-index=\"2\" role=\"tab\" tabindex=\"-1\" aria-controls=\"e-n-tab-content-2661593992\" style=\"--n-tabs-title-order: 2;\">\n\t\t\t\t\t\t<span class=\"e-n-tab-title-text\">\n\t\t\t\tCar park with 80 spaces\t\t\t<\/span>\n\t\t<\/button>\n\t\t\t\t<button id=\"e-n-tab-title-2661593993\" data-tab-title-id=\"e-n-tab-title-2661593993\" class=\"e-n-tab-title\" aria-selected=\"false\" data-tab-index=\"3\" role=\"tab\" tabindex=\"-1\" aria-controls=\"e-n-tab-content-2661593993\" style=\"--n-tabs-title-order: 3;\">\n\t\t\t\t\t\t<span class=\"e-n-tab-title-text\">\n\t\t\t\tGrass car park with 20 spaces\t\t\t<\/span>\n\t\t<\/button>\n\t\t\t\t<button id=\"e-n-tab-title-2661593994\" data-tab-title-id=\"e-n-tab-title-2661593994\" class=\"e-n-tab-title\" aria-selected=\"false\" data-tab-index=\"4\" role=\"tab\" tabindex=\"-1\" aria-controls=\"e-n-tab-content-2661593994\" style=\"--n-tabs-title-order: 4;\">\n\t\t\t\t\t\t<span class=\"e-n-tab-title-text\">\n\t\t\t\tIndoor parking \t\t\t<\/span>\n\t\t<\/button>\n\t\t\t\t\t<\/div>\n\t\t\t<div class=\"e-n-tabs-content\">\n\t\t\t\t<div id=\"e-n-tab-content-2661593991\" role=\"tabpanel\" aria-labelledby=\"e-n-tab-title-2661593991\" data-tab-index=\"1\" style=\"--n-tabs-title-order: 1;\" class=\"e-active elementor-element elementor-element-107f80f e-con-full e-flex e-con e-child\" data-id=\"107f80f\" data-element_type=\"container\" data-e-type=\"container\" data-settings=\"{&quot;background_background&quot;:&quot;classic&quot;}\">\n\t\t\t\t<div class=\"elementor-element elementor-element-67bd1f3 elementor-widget elementor-widget-text-editor\" data-id=\"67bd1f3\" data-element_type=\"widget\" data-e-type=\"widget\" data-widget_type=\"text-editor.default\">\n\t\t\t\t<div class=\"elementor-widget-container\">\n\t\t\t\t\t\t\t\t\t<p><strong>Two unguarded private car parks<\/strong> are made available to the lessor.<\/p>\t\t\t\t\t\t\t\t<\/div>\n\t\t\t\t<\/div>\n\t\t\t\t<\/div>\n\t\t<div id=\"e-n-tab-content-2661593992\" role=\"tabpanel\" aria-labelledby=\"e-n-tab-title-2661593992\" data-tab-index=\"2\" style=\"--n-tabs-title-order: 2;\" class=\"elementor-element elementor-element-ffa8822 e-con-full e-flex e-con e-child\" data-id=\"ffa8822\" data-element_type=\"container\" data-e-type=\"container\" data-settings=\"{&quot;background_background&quot;:&quot;classic&quot;}\">\n\t\t\t\t<div class=\"elementor-element elementor-element-0726680 elementor-widget elementor-widget-text-editor\" data-id=\"0726680\" data-element_type=\"widget\" data-e-type=\"widget\" data-widget_type=\"text-editor.default\">\n\t\t\t\t<div class=\"elementor-widget-container\">\n\t\t\t\t\t\t\t\t\t<p>On the outside before you reach the bend on the left. For major events <strong>we strongly advise you to use a valet parking service<\/strong> (or family member) to optimise the positioning of the cars.<\/p>\t\t\t\t\t\t\t\t<\/div>\n\t\t\t\t<\/div>\n\t\t\t\t<\/div>\n\t\t<div id=\"e-n-tab-content-2661593993\" role=\"tabpanel\" aria-labelledby=\"e-n-tab-title-2661593993\" data-tab-index=\"3\" style=\"--n-tabs-title-order: 3;\" class=\"elementor-element elementor-element-778bbab e-con-full e-flex e-con e-child\" data-id=\"778bbab\" data-element_type=\"container\" data-e-type=\"container\" data-settings=\"{&quot;background_background&quot;:&quot;classic&quot;}\">\n\t\t\t\t<div class=\"elementor-element elementor-element-9626e26 elementor-widget elementor-widget-text-editor\" data-id=\"9626e26\" data-element_type=\"widget\" data-e-type=\"widget\" data-widget_type=\"text-editor.default\">\n\t\t\t\t<div class=\"elementor-widget-container\">\n\t\t\t\t\t\t\t\t\t<p>On the outside before you arrive, on the right after the bend. This car park should preferably be <strong>reserved for reception organisers and guests staying at the Ch\u00e2teau<\/strong>.<\/p>\t\t\t\t\t\t\t\t<\/div>\n\t\t\t\t<\/div>\n\t\t\t\t<\/div>\n\t\t<div id=\"e-n-tab-content-2661593994\" role=\"tabpanel\" aria-labelledby=\"e-n-tab-title-2661593994\" data-tab-index=\"4\" style=\"--n-tabs-title-order: 4;\" class=\"elementor-element elementor-element-dcd7cf9 e-con-full e-flex e-con e-child\" data-id=\"dcd7cf9\" data-element_type=\"container\" data-e-type=\"container\" data-settings=\"{&quot;background_background&quot;:&quot;classic&quot;}\">\n\t\t\t\t<div class=\"elementor-element elementor-element-5431ae3 elementor-widget elementor-widget-text-editor\" data-id=\"5431ae3\" data-element_type=\"widget\" data-e-type=\"widget\" data-widget_type=\"text-editor.default\">\n\t\t\t\t<div class=\"elementor-widget-container\">\n\t\t\t\t\t\t\t\t\t<p><strong>Parking inside the estate<\/strong>\u00a0for people with disabilities or reduced mobility.<\/p>\t\t\t\t\t\t\t\t<\/div>\n\t\t\t\t<\/div>\n\t\t\t\t<\/div>\n\t\t\t\t\t<\/div>\n\t\t<\/div>\n\t\t\t\t\t\t<\/div>\n\t\t\t\t<\/div>\n\t\t\t\t<\/div>\n\t\t\t\t<\/div>\n\t\t<div class=\"elementor-element elementor-element-ea57aa1 e-con-full e-flex e-con e-child\" data-id=\"ea57aa1\" data-element_type=\"container\" data-e-type=\"container\">\n\t\t<div class=\"elementor-element elementor-element-6deb305 e-con-full e-flex e-con e-child\" data-id=\"6deb305\" data-element_type=\"container\" data-e-type=\"container\">\n\t\t\t\t<div class=\"elementor-element elementor-element-4322378 elementor-widget__width-initial elementor-widget elementor-widget-text-editor\" data-id=\"4322378\" data-element_type=\"widget\" data-e-type=\"widget\" data-widget_type=\"text-editor.default\">\n\t\t\t\t<div class=\"elementor-widget-container\">\n\t\t\t\t\t\t\t\t\t<p>How can I get here by other means of transport?<\/p>\t\t\t\t\t\t\t\t<\/div>\n\t\t\t\t<\/div>\n\t\t\t\t<div class=\"elementor-element elementor-element-ba731d2 elementor-widget__width-initial e-n-tabs-mobile elementor-widget elementor-widget-n-tabs\" data-id=\"ba731d2\" data-element_type=\"widget\" data-e-type=\"widget\" data-widget_type=\"nested-tabs.default\">\n\t\t\t\t<div class=\"elementor-widget-container\">\n\t\t\t\t\t\t\t<div class=\"e-n-tabs\" data-widget-number=\"195506642\" aria-label=\"Tabs. Open items with Enter or Space, close with Escape and navigate using the Arrow keys.\" data-no-translation-aria-label=\"\">\n\t\t\t<div class=\"e-n-tabs-heading\" role=\"tablist\">\n\t\t\t\t\t<button id=\"e-n-tab-title-1955066421\" data-tab-title-id=\"e-n-tab-title-1955066421\" class=\"e-n-tab-title\" aria-selected=\"true\" data-tab-index=\"1\" role=\"tab\" tabindex=\"0\" aria-controls=\"e-n-tab-content-1955066421\" style=\"--n-tabs-title-order: 1;\">\n\t\t\t\t\t<span class=\"e-n-tab-icon\">\n\t\t\t<i aria-hidden=\"true\" class=\"eliofont eliofont-plane\"><\/i>\t\t\t<i aria-hidden=\"true\" class=\"eliofont eliofont-plane\"><\/i>\t\t<\/span>\n\t\t\t\t\t<span class=\"e-n-tab-title-text\">\n\t\t\t\tAircraft\t\t\t<\/span>\n\t\t<\/button>\n\t\t\t\t<button id=\"e-n-tab-title-1955066422\" data-tab-title-id=\"e-n-tab-title-1955066422\" class=\"e-n-tab-title\" aria-selected=\"false\" data-tab-index=\"2\" role=\"tab\" tabindex=\"-1\" aria-controls=\"e-n-tab-content-1955066422\" style=\"--n-tabs-title-order: 2;\">\n\t\t\t\t\t<span class=\"e-n-tab-icon\">\n\t\t\t<i aria-hidden=\"true\" class=\"eliofont eliofont-train\"><\/i>\t\t\t<i aria-hidden=\"true\" class=\"eliofont eliofont-train\"><\/i>\t\t<\/span>\n\t\t\t\t\t<span class=\"e-n-tab-title-text\">\n\t\t\t\tTrain\t\t\t<\/span>\n\t\t<\/button>\n\t\t\t\t\t<\/div>\n\t\t\t<div class=\"e-n-tabs-content\">\n\t\t\t\t<div id=\"e-n-tab-content-1955066421\" role=\"tabpanel\" aria-labelledby=\"e-n-tab-title-1955066421\" data-tab-index=\"1\" style=\"--n-tabs-title-order: 1;\" class=\"e-active elementor-element elementor-element-36e69f9 e-con-full e-flex e-con e-child\" data-id=\"36e69f9\" data-element_type=\"container\" data-e-type=\"container\" data-settings=\"{&quot;background_background&quot;:&quot;classic&quot;}\">\n\t\t\t\t<div class=\"elementor-element elementor-element-39e6af6 elementor-widget elementor-widget-text-editor\" data-id=\"39e6af6\" data-element_type=\"widget\" data-e-type=\"widget\" data-widget_type=\"text-editor.default\">\n\t\t\t\t<div class=\"elementor-widget-container\">\n\t\t\t\t\t\t\t\t\t<p>Lyon Saint-Exupery airport is 1 hour away and Grenoble airport 40 minutes.<\/p>\t\t\t\t\t\t\t\t<\/div>\n\t\t\t\t<\/div>\n\t\t\t\t<\/div>\n\t\t<div id=\"e-n-tab-content-1955066422\" role=\"tabpanel\" aria-labelledby=\"e-n-tab-title-1955066422\" data-tab-index=\"2\" style=\"--n-tabs-title-order: 2;\" class=\"elementor-element elementor-element-286a1e4 e-con-full e-flex e-con e-child\" data-id=\"286a1e4\" data-element_type=\"container\" data-e-type=\"container\" data-settings=\"{&quot;background_background&quot;:&quot;classic&quot;}\">\n\t\t\t\t<div class=\"elementor-element elementor-element-5889829 elementor-widget elementor-widget-text-editor\" data-id=\"5889829\" data-element_type=\"widget\" data-e-type=\"widget\" data-widget_type=\"text-editor.default\">\n\t\t\t\t<div class=\"elementor-widget-container\">\n\t\t\t\t\t\t\t\t\t<p>Valence TGV station is 20 minutes from Ch\u00e2teau des Anges.<\/p>\t\t\t\t\t\t\t\t<\/div>\n\t\t\t\t<\/div>\n\t\t\t\t<\/div>\n\t\t\t\t\t<\/div>\n\t\t<\/div>\n\t\t\t\t\t\t<\/div>\n\t\t\t\t<\/div>\n\t\t\t\t<\/div>\n\t\t\t\t<\/div>\n\t\t\t\t\t<\/div>\n\t\t\t\t<\/div>\n\t\t<div class=\"elementor-element elementor-element-331be5d e-flex e-con-boxed e-con e-parent\" data-id=\"331be5d\" data-element_type=\"container\" data-e-type=\"container\">\n\t\t\t\t\t<div class=\"e-con-inner\">\n\t\t\t\t<div class=\"elementor-element elementor-element-5b74f0a elementor-widget elementor-widget-heading\" data-id=\"5b74f0a\" data-element_type=\"widget\" data-e-type=\"widget\" data-widget_type=\"heading.default\">\n\t\t\t\t<div class=\"elementor-widget-container\">\n\t\t\t\t\t<h2 class=\"elementor-heading-title elementor-size-default\">How to find us<\/h2>\t\t\t\t<\/div>\n\t\t\t\t<\/div>\n\t\t\t\t<div class=\"elementor-element elementor-element-aad060d elementor-widget-divider--separator-type-pattern elementor-widget-divider--view-line elementor-widget elementor-widget-divider\" data-id=\"aad060d\" data-element_type=\"widget\" data-e-type=\"widget\" data-widget_type=\"divider.default\">\n\t\t\t\t<div class=\"elementor-widget-container\">\n\t\t\t\t\t\t\t<div class=\"elementor-divider\" style=\"--divider-pattern-url: url(&quot;data:image\/svg+xml,%3Csvg xmlns=&#039;http:\/\/www.w3.org\/2000\/svg&#039; preserveAspectRatio=&#039;none&#039; overflow=&#039;visible&#039; height=&#039;100%&#039; viewBox=&#039;0 0 24 24&#039; fill=&#039;none&#039; stroke=&#039;black&#039; stroke-width=&#039;1&#039; stroke-linecap=&#039;square&#039; stroke-miterlimit=&#039;10&#039;%3E%3Cpath d=&#039;M0,6c6,0,6,13,12,13S18,6,24,6&#039;\/%3E%3C\/svg%3E&quot;);\">\n\t\t\t<span class=\"elementor-divider-separator\">\n\t\t\t\t\t\t<\/span>\n\t\t<\/div>\n\t\t\t\t\t\t<\/div>\n\t\t\t\t<\/div>\n\t\t\t\t<div class=\"elementor-element elementor-element-e59c20a elementor-widget elementor-widget-google_maps\" data-id=\"e59c20a\" data-element_type=\"widget\" data-e-type=\"widget\" data-widget_type=\"google_maps.default\">\n\t\t\t\t<div class=\"elementor-widget-container\">\n\t\t\t\t\t\t\t<div class=\"elementor-custom-embed\">\n\t\t\t<iframe loading=\"lazy\"\n\t\t\t\t\tsrc=\"https:\/\/maps.google.com\/maps?q=Ch%C3%A2teau%20des%20anges%2C%20300%20MONTEE%20BEATRIX%20DE%20HONGRIE%2C%2038680%20Saint-Just-de-Claix&#038;t=m&#038;z=10&#038;output=embed&#038;iwloc=near\"\n\t\t\t\t\ttitle=\"Ch\u00e2teau des anges, 300 MONTEE BEATRIX DE HONGRIE, 38680 Saint-Just-de-Claix\"\n\t\t\t\t\taria-label=\"Ch\u00e2teau des anges, 300 MONTEE BEATRIX DE HONGRIE, 38680 Saint-Just-de-Claix\"\n\t\t\t><\/iframe>\n\t\t<\/div>\n\t\t\t\t\t\t<\/div>\n\t\t\t\t<\/div>\n\t\t\t\t\t<\/div>\n\t\t\t\t<\/div>\n\t\t\t\t<\/div>","protected":false},"excerpt":{"rendered":"<p>Acc\u00e8s &#038; contact Le Ch\u00e2teau des Anges :choisissez l&rsquo;Is\u00e8re pour votre mariage Nous contacter 300 Mont\u00e9e B\u00e9atrix de Hongrie 38 680 SAINT-JUST-DE-CLAIX \u00a0 Tel : +33 (0)4 75 02 70 41 contact@chateaudesanges.com Comment venir De Grenoble ou Chamb\u00e9ry :\u00a0A49 sortie St-Marcellin, direction St-Romans puis St-Just-de-Claix. Sortie de St-Just en haut \u00e0 gauche. \u00a0 De Valence [&hellip;]<\/p>\n","protected":false},"author":8,"featured_media":0,"parent":0,"menu_order":0,"comment_status":"closed","ping_status":"closed","template":"","meta":{"_acf_changed":false,"inline_featured_image":false,"footnotes":""},"class_list":["post-3818","page","type-page","status-publish","hentry"],"acf":[],"_links":{"self":[{"href":"https:\/\/chateaudesanges.com\/en\/wp-json\/wp\/v2\/pages\/3818","targetHints":{"allow":["GET"]}}],"collection":[{"href":"https:\/\/chateaudesanges.com\/en\/wp-json\/wp\/v2\/pages"}],"about":[{"href":"https:\/\/chateaudesanges.com\/en\/wp-json\/wp\/v2\/types\/page"}],"author":[{"embeddable":true,"href":"https:\/\/chateaudesanges.com\/en\/wp-json\/wp\/v2\/users\/8"}],"replies":[{"embeddable":true,"href":"https:\/\/chateaudesanges.com\/en\/wp-json\/wp\/v2\/comments?post=3818"}],"version-history":[{"count":116,"href":"https:\/\/chateaudesanges.com\/en\/wp-json\/wp\/v2\/pages\/3818\/revisions"}],"predecessor-version":[{"id":6661,"href":"https:\/\/chateaudesanges.com\/en\/wp-json\/wp\/v2\/pages\/3818\/revisions\/6661"}],"wp:attachment":[{"href":"https:\/\/chateaudesanges.com\/en\/wp-json\/wp\/v2\/media?parent=3818"}],"curies":[{"name":"wp","href":"https:\/\/api.w.org\/{rel}","templated":true}]}}