{"id":3787,"date":"2025-03-25T19:27:05","date_gmt":"2025-03-25T18:27:05","guid":{"rendered":"https:\/\/chateaudesanges.com\/?page_id=3787"},"modified":"2025-04-15T11:03:13","modified_gmt":"2025-04-15T09:03:13","slug":"hiking-in-isere","status":"publish","type":"page","link":"https:\/\/chateaudesanges.com\/en\/destination\/randonnee-en-isere\/","title":{"rendered":"Discovering nature in Is\u00e8re: Must-see walks around Saint-Just-de-Claix"},"content":{"rendered":"<div data-elementor-type=\"wp-page\" data-elementor-id=\"3787\" class=\"elementor elementor-3787\" data-elementor-post-type=\"page\">\n\t\t\t\t<div class=\"elementor-element elementor-element-5152dd76 e-con-full e-flex e-con e-parent\" data-id=\"5152dd76\" data-element_type=\"container\" data-e-type=\"container\" id=\"top\" data-settings=\"{&quot;background_background&quot;:&quot;classic&quot;}\">\n\t\t\t\t<div class=\"elementor-element elementor-element-337d6633 elementor-widget elementor-widget-heading\" data-id=\"337d6633\" data-element_type=\"widget\" data-e-type=\"widget\" data-widget_type=\"heading.default\">\n\t\t\t\t<div class=\"elementor-widget-container\">\n\t\t\t\t\t<span class=\"elementor-heading-title elementor-size-default\">Discovering nature in Is\u00e8re :<br>Must-do walks <br>around Saint-Just-de-Claix<\/span>\t\t\t\t<\/div>\n\t\t\t\t<\/div>\n\t\t\t\t<div class=\"elementor-element elementor-element-3fcae56 elementor-widget elementor-widget-heading\" data-id=\"3fcae56\" data-element_type=\"widget\" data-e-type=\"widget\" data-widget_type=\"heading.default\">\n\t\t\t\t<div class=\"elementor-widget-container\">\n\t\t\t\t\t<h1 class=\"elementor-heading-title elementor-size-default\">Hiking in Is\u00e8re<\/h1>\t\t\t\t<\/div>\n\t\t\t\t<\/div>\n\t\t\t\t<\/div>\n\t\t<div class=\"elementor-element elementor-element-1a17b6c0 e-con-full e-flex e-con e-parent\" data-id=\"1a17b6c0\" data-element_type=\"container\" data-e-type=\"container\" id=\"first-content\">\n\t\t<div class=\"elementor-element elementor-element-7aec88e9 e-con-full e-flex e-con e-child\" data-id=\"7aec88e9\" data-element_type=\"container\" data-e-type=\"container\">\n\t\t\t\t<div class=\"elementor-element elementor-element-17d7a66f elementor-widget elementor-widget-heading\" data-id=\"17d7a66f\" data-element_type=\"widget\" data-e-type=\"widget\" data-widget_type=\"heading.default\">\n\t\t\t\t<div class=\"elementor-widget-container\">\n\t\t\t\t\t<h2 class=\"elementor-heading-title elementor-size-default\">Must-see trails around Saint-Just-de-Claix<\/h2>\t\t\t\t<\/div>\n\t\t\t\t<\/div>\n\t\t\t\t<div class=\"elementor-element elementor-element-10df7f4 elementor-widget elementor-widget-text-editor\" data-id=\"10df7f4\" data-element_type=\"widget\" data-e-type=\"widget\" data-widget_type=\"text-editor.default\">\n\t\t\t\t<div class=\"elementor-widget-container\">\n\t\t\t\t\t\t\t\t\t<p>Is\u00e8re is a great place for hiking, with many trails winding through breathtaking scenery. Whether you're a seasoned hiker or an amateur looking for a quiet getaway, you'll find routes to suit all abilities. The surrounding mountains, lush forests and green valleys offer an exceptional playground for all nature lovers.<\/p>\t\t\t\t\t\t\t\t<\/div>\n\t\t\t\t<\/div>\n\t\t\t\t<div class=\"elementor-element elementor-element-f65d0eb elementor-widget elementor-widget-text-editor\" data-id=\"f65d0eb\" data-element_type=\"widget\" data-e-type=\"widget\" data-widget_type=\"text-editor.default\">\n\t\t\t\t<div class=\"elementor-widget-container\">\n\t\t\t\t\t\t\t\t\t<h3><strong>Mont Aiguille: A mythical summit<\/strong><\/h3>\n<p>One of the must-do hikes around Saint-Just-de-Claix is to Mont Aiguille, an iconic peak in the Alps. Although this is a more demanding hike, it offers breathtaking views of the surrounding mountains and valley. It's an accessible challenge for experienced hikers looking for thrills and breathtaking views.<\/p><p><br><\/p>\n<h3><strong>The Vercors : Majestic landscapes within easy reach<\/strong><\/h3>\n<p>The trails in the Vercors, not far from the Ch\u00e2teau des Anges, offer you the chance to discover wild, unspoilt landscapes. Between deep forests, steep ridges and vast meadows, the diversity of the landscapes makes each hike a unique adventure. Routes such as the crossing of the Plateau de Glandasse or the sentier des cr\u00eates offer total immersion in nature.<\/p>\n<h3><strong>The Gorges du Nan: A natural treasure<\/strong><\/h3>\n<p>For lovers of spectacular scenery, the Gorges du Nan is a must-see. This wild and impressive site offers a number of paths that run alongside the river, offering splendid views of the cliffs and waterfalls. A hike that will delight nature lovers and those looking to escape to a calm and serene environment.<\/p>\t\t\t\t\t\t\t\t<\/div>\n\t\t\t\t<\/div>\n\t\t\t\t<\/div>\n\t\t<div class=\"elementor-element elementor-element-65eb2804 e-con-full e-flex e-con e-child\" data-id=\"65eb2804\" data-element_type=\"container\" data-e-type=\"container\">\n\t\t\t\t<div class=\"elementor-element elementor-element-1a75b8ef elementor-widget-tablet__width-inherit elementor-widget elementor-widget-image\" data-id=\"1a75b8ef\" data-element_type=\"widget\" data-e-type=\"widget\" data-widget_type=\"image.default\">\n\t\t\t\t<div class=\"elementor-widget-container\">\n\t\t\t\t\t\t\t\t\t\t\t\t\t\t\t<img fetchpriority=\"high\" decoding=\"async\" width=\"683\" height=\"1024\" src=\"https:\/\/chateaudesanges.com\/wp-content\/uploads\/2025\/04\/GettyImages-1135309351-683x1024.jpg\" class=\"attachment-large size-large wp-image-4809\" alt=\"\" srcset=\"https:\/\/chateaudesanges.com\/wp-content\/uploads\/2025\/04\/GettyImages-1135309351-683x1024.jpg 683w, https:\/\/chateaudesanges.com\/wp-content\/uploads\/2025\/04\/GettyImages-1135309351-200x300.jpg 200w, https:\/\/chateaudesanges.com\/wp-content\/uploads\/2025\/04\/GettyImages-1135309351-768x1152.jpg 768w, https:\/\/chateaudesanges.com\/wp-content\/uploads\/2025\/04\/GettyImages-1135309351-1024x1536.jpg 1024w, https:\/\/chateaudesanges.com\/wp-content\/uploads\/2025\/04\/GettyImages-1135309351-1365x2048.jpg 1365w, https:\/\/chateaudesanges.com\/wp-content\/uploads\/2025\/04\/GettyImages-1135309351-8x12.jpg 8w, https:\/\/chateaudesanges.com\/wp-content\/uploads\/2025\/04\/GettyImages-1135309351-scaled.jpg 1707w\" sizes=\"(max-width: 683px) 100vw, 683px\" title=\"\">\t\t\t\t\t\t\t\t\t\t\t\t\t\t\t<\/div>\n\t\t\t\t<\/div>\n\t\t\t\t<\/div>\n\t\t\t\t<\/div>\n\t\t<div class=\"elementor-element elementor-element-281d085 e-con-full e-flex e-con e-parent\" data-id=\"281d085\" data-element_type=\"container\" data-e-type=\"container\">\n\t\t<div class=\"elementor-element elementor-element-b5bbb40 e-con-full e-flex e-con e-child\" data-id=\"b5bbb40\" data-element_type=\"container\" data-e-type=\"container\">\n\t\t\t\t<div class=\"elementor-element elementor-element-03b44e8 elementor-widget elementor-widget-heading\" data-id=\"03b44e8\" data-element_type=\"widget\" data-e-type=\"widget\" data-widget_type=\"heading.default\">\n\t\t\t\t<div class=\"elementor-widget-container\">\n\t\t\t\t\t<h2 class=\"elementor-heading-title elementor-size-default\">A refuge for hikers: Le Ch\u00e2teau des Anges<\/h2>\t\t\t\t<\/div>\n\t\t\t\t<\/div>\n\t\t\t\t<div class=\"elementor-element elementor-element-9fdcbcd elementor-widget elementor-widget-text-editor\" data-id=\"9fdcbcd\" data-element_type=\"widget\" data-e-type=\"widget\" data-widget_type=\"text-editor.default\">\n\t\t\t\t<div class=\"elementor-widget-container\">\n\t\t\t\t\t\t\t\t\t<p>After a busy day exploring the region's magnificent landscapes, there's nothing like returning to the comfort and serenity of Ch\u00e2teau des Anges. Its shaded inner courtyard, landscaped grounds and swimming pool are the perfect place to relax and enjoy moments of conviviality after a great day out. Whether you're coming as a family or with friends, the Ch\u00e2teau is the ideal place to recharge your batteries.<\/p><p>\u00a0<\/p><h2><strong>Is\u00e8re, a paradise for hikers<\/strong><\/h2><p>The walks around Saint-Just-de-Claix are an invitation to discover the beauty and diversity of Is\u00e8re. Whether it's for a weekend or a longer break, the region offers a multitude of trails to suit all tastes. The Ch\u00e2teau des Anges is ideally located, making it the perfect place to stay where you can combine nature, relaxation and conviviality in a setting that's perfect for getting away from it all.<\/p><p>Let yourself be seduced by the nature of the Is\u00e8re, just a stone's throw from the Ch\u00e2teau des Anges, and enjoy an unforgettable experience in the heart of the mountains and authentic landscapes.<\/p>\t\t\t\t\t\t\t\t<\/div>\n\t\t\t\t<\/div>\n\t\t\t\t<\/div>\n\t\t<div class=\"elementor-element elementor-element-e9c2a03 e-con-full e-flex e-con e-child\" data-id=\"e9c2a03\" data-element_type=\"container\" data-e-type=\"container\">\n\t\t\t\t<div class=\"elementor-element elementor-element-6e7537d elementor-widget-tablet__width-inherit elementor-widget elementor-widget-image\" data-id=\"6e7537d\" data-element_type=\"widget\" data-e-type=\"widget\" data-widget_type=\"image.default\">\n\t\t\t\t<div class=\"elementor-widget-container\">\n\t\t\t\t\t\t\t\t\t\t\t\t\t\t\t<img decoding=\"async\" width=\"800\" height=\"534\" src=\"https:\/\/chateaudesanges.com\/wp-content\/uploads\/2025\/03\/alex-baumel-e4sl7_JlUDs-unsplash-1024x683.jpg\" class=\"attachment-large size-large wp-image-3799\" alt=\"\" srcset=\"https:\/\/chateaudesanges.com\/wp-content\/uploads\/2025\/03\/alex-baumel-e4sl7_JlUDs-unsplash-1024x683.jpg 1024w, https:\/\/chateaudesanges.com\/wp-content\/uploads\/2025\/03\/alex-baumel-e4sl7_JlUDs-unsplash-300x200.jpg 300w, https:\/\/chateaudesanges.com\/wp-content\/uploads\/2025\/03\/alex-baumel-e4sl7_JlUDs-unsplash-768x512.jpg 768w, https:\/\/chateaudesanges.com\/wp-content\/uploads\/2025\/03\/alex-baumel-e4sl7_JlUDs-unsplash-1536x1024.jpg 1536w, https:\/\/chateaudesanges.com\/wp-content\/uploads\/2025\/03\/alex-baumel-e4sl7_JlUDs-unsplash-2048x1365.jpg 2048w, https:\/\/chateaudesanges.com\/wp-content\/uploads\/2025\/03\/alex-baumel-e4sl7_JlUDs-unsplash-18x12.jpg 18w\" sizes=\"(max-width: 800px) 100vw, 800px\" title=\"\">\t\t\t\t\t\t\t\t\t\t\t\t\t\t\t<\/div>\n\t\t\t\t<\/div>\n\t\t\t\t<\/div>\n\t\t\t\t<\/div>\n\t\t<div class=\"elementor-element elementor-element-5be878d4 e-flex e-con-boxed e-con e-parent\" data-id=\"5be878d4\" data-element_type=\"container\" data-e-type=\"container\">\n\t\t\t\t\t<div class=\"e-con-inner\">\n\t\t\t\t<div class=\"elementor-element elementor-element-222503aa elementor-widget elementor-widget-heading\" data-id=\"222503aa\" data-element_type=\"widget\" data-e-type=\"widget\" data-widget_type=\"heading.default\">\n\t\t\t\t<div class=\"elementor-widget-container\">\n\t\t\t\t\t<h2 class=\"elementor-heading-title elementor-size-default\">Discover our other destinations<\/h2>\t\t\t\t<\/div>\n\t\t\t\t<\/div>\n\t\t<div class=\"elementor-element elementor-element-736d1686 e-flex e-con-boxed e-con e-child\" data-id=\"736d1686\" data-element_type=\"container\" data-e-type=\"container\">\n\t\t\t\t\t<div class=\"e-con-inner\">\n\t\t<div class=\"elementor-element elementor-element-494258a8 e-flex e-con-boxed e-con e-child\" data-id=\"494258a8\" data-element_type=\"container\" data-e-type=\"container\">\n\t\t\t\t\t<div class=\"e-con-inner\">\n\t\t\t\t<div class=\"elementor-element elementor-element-157bb6b2 animated-slow elementor-invisible elementor-widget elementor-widget-image\" data-id=\"157bb6b2\" data-element_type=\"widget\" data-e-type=\"widget\" data-settings=\"{&quot;_animation&quot;:&quot;fadeIn&quot;,&quot;_animation_delay&quot;:500}\" data-widget_type=\"image.default\">\n\t\t\t\t<div class=\"elementor-widget-container\">\n\t\t\t\t\t\t\t\t\t\t\t\t\t\t\t\t<a href=\"#\">\n\t\t\t\t\t\t\t<img decoding=\"async\" width=\"2560\" height=\"1707\" src=\"https:\/\/chateaudesanges.com\/wp-content\/uploads\/2025\/04\/GettyImages-1299861601-1-scaled.jpg\" class=\"elementor-animation-sink attachment-full size-full wp-image-4775\" alt=\"\" srcset=\"https:\/\/chateaudesanges.com\/wp-content\/uploads\/2025\/04\/GettyImages-1299861601-1-scaled.jpg 2560w, https:\/\/chateaudesanges.com\/wp-content\/uploads\/2025\/04\/GettyImages-1299861601-1-300x200.jpg 300w, https:\/\/chateaudesanges.com\/wp-content\/uploads\/2025\/04\/GettyImages-1299861601-1-1024x683.jpg 1024w, https:\/\/chateaudesanges.com\/wp-content\/uploads\/2025\/04\/GettyImages-1299861601-1-768x512.jpg 768w, https:\/\/chateaudesanges.com\/wp-content\/uploads\/2025\/04\/GettyImages-1299861601-1-1536x1024.jpg 1536w, https:\/\/chateaudesanges.com\/wp-content\/uploads\/2025\/04\/GettyImages-1299861601-1-2048x1365.jpg 2048w, https:\/\/chateaudesanges.com\/wp-content\/uploads\/2025\/04\/GettyImages-1299861601-1-18x12.jpg 18w\" sizes=\"(max-width: 2560px) 100vw, 2560px\" title=\"\">\t\t\t\t\t\t\t\t<\/a>\n\t\t\t\t\t\t\t\t\t\t\t\t\t\t\t<\/div>\n\t\t\t\t<\/div>\n\t\t<div class=\"elementor-element elementor-element-782157c1 e-flex e-con-boxed e-con e-child\" data-id=\"782157c1\" data-element_type=\"container\" data-e-type=\"container\" data-settings=\"{&quot;background_background&quot;:&quot;classic&quot;}\">\n\t\t\t\t\t<div class=\"e-con-inner\">\n\t\t<div class=\"elementor-element elementor-element-708b773e e-flex e-con-boxed e-con e-child\" data-id=\"708b773e\" data-element_type=\"container\" data-e-type=\"container\" data-settings=\"{&quot;background_background&quot;:&quot;classic&quot;}\">\n\t\t\t\t\t<div class=\"e-con-inner\">\n\t\t\t\t<div class=\"elementor-element elementor-element-1d4f5f92 elementor-widget elementor-widget-heading\" data-id=\"1d4f5f92\" data-element_type=\"widget\" data-e-type=\"widget\" data-widget_type=\"heading.default\">\n\t\t\t\t<div class=\"elementor-widget-container\">\n\t\t\t\t\t<h3 class=\"elementor-heading-title elementor-size-default\">The art of well-being<\/h3>\t\t\t\t<\/div>\n\t\t\t\t<\/div>\n\t\t\t\t<div class=\"elementor-element elementor-element-44f1ac97 elementor-align-center elementor-widget elementor-widget-button\" data-id=\"44f1ac97\" data-element_type=\"widget\" data-e-type=\"widget\" data-widget_type=\"button.default\">\n\t\t\t\t<div class=\"elementor-widget-container\">\n\t\t\t\t\t\t\t\t\t<div class=\"elementor-button-wrapper\">\n\t\t\t\t\t<a class=\"elementor-button elementor-button-link elementor-size-sm\" href=\"https:\/\/chateaudesanges.com\/en\/destination\/spa-en-isere\/\">\n\t\t\t\t\t\t<span class=\"elementor-button-content-wrapper\">\n\t\t\t\t\t\t\t\t\t<span class=\"elementor-button-text\">See more<\/span>\n\t\t\t\t\t<\/span>\n\t\t\t\t\t<\/a>\n\t\t\t\t<\/div>\n\t\t\t\t\t\t\t\t<\/div>\n\t\t\t\t<\/div>\n\t\t\t\t\t<\/div>\n\t\t\t\t<\/div>\n\t\t\t\t\t<\/div>\n\t\t\t\t<\/div>\n\t\t\t\t\t<\/div>\n\t\t\t\t<\/div>\n\t\t<div class=\"elementor-element elementor-element-1eb24f56 e-flex e-con-boxed e-con e-child\" data-id=\"1eb24f56\" data-element_type=\"container\" data-e-type=\"container\">\n\t\t\t\t\t<div class=\"e-con-inner\">\n\t\t\t\t<div class=\"elementor-element elementor-element-675abd2d animated-slow elementor-invisible elementor-widget elementor-widget-image\" data-id=\"675abd2d\" data-element_type=\"widget\" data-e-type=\"widget\" data-settings=\"{&quot;_animation&quot;:&quot;fadeIn&quot;,&quot;_animation_delay&quot;:500}\" data-widget_type=\"image.default\">\n\t\t\t\t<div class=\"elementor-widget-container\">\n\t\t\t\t\t\t\t\t\t\t\t\t\t\t\t\t<a href=\"#\">\n\t\t\t\t\t\t\t<img loading=\"lazy\" decoding=\"async\" width=\"2560\" height=\"1707\" src=\"https:\/\/chateaudesanges.com\/wp-content\/uploads\/2025\/04\/tao-qi-IxwybcWRmwM-unsplash-scaled.jpg\" class=\"elementor-animation-sink attachment-full size-full wp-image-4535\" alt=\"\" srcset=\"https:\/\/chateaudesanges.com\/wp-content\/uploads\/2025\/04\/tao-qi-IxwybcWRmwM-unsplash-scaled.jpg 2560w, https:\/\/chateaudesanges.com\/wp-content\/uploads\/2025\/04\/tao-qi-IxwybcWRmwM-unsplash-300x200.jpg 300w, https:\/\/chateaudesanges.com\/wp-content\/uploads\/2025\/04\/tao-qi-IxwybcWRmwM-unsplash-1024x683.jpg 1024w, https:\/\/chateaudesanges.com\/wp-content\/uploads\/2025\/04\/tao-qi-IxwybcWRmwM-unsplash-768x512.jpg 768w, https:\/\/chateaudesanges.com\/wp-content\/uploads\/2025\/04\/tao-qi-IxwybcWRmwM-unsplash-1536x1024.jpg 1536w, https:\/\/chateaudesanges.com\/wp-content\/uploads\/2025\/04\/tao-qi-IxwybcWRmwM-unsplash-2048x1365.jpg 2048w, https:\/\/chateaudesanges.com\/wp-content\/uploads\/2025\/04\/tao-qi-IxwybcWRmwM-unsplash-18x12.jpg 18w\" sizes=\"(max-width: 2560px) 100vw, 2560px\" title=\"\">\t\t\t\t\t\t\t\t<\/a>\n\t\t\t\t\t\t\t\t\t\t\t\t\t\t\t<\/div>\n\t\t\t\t<\/div>\n\t\t<div class=\"elementor-element elementor-element-54f72940 e-flex e-con-boxed e-con e-child\" data-id=\"54f72940\" data-element_type=\"container\" data-e-type=\"container\" data-settings=\"{&quot;background_background&quot;:&quot;classic&quot;}\">\n\t\t\t\t\t<div class=\"e-con-inner\">\n\t\t<div class=\"elementor-element elementor-element-333354d e-flex e-con-boxed e-con e-child\" data-id=\"333354d\" data-element_type=\"container\" data-e-type=\"container\" data-settings=\"{&quot;background_background&quot;:&quot;classic&quot;}\">\n\t\t\t\t\t<div class=\"e-con-inner\">\n\t\t\t\t<div class=\"elementor-element elementor-element-398e40d elementor-widget elementor-widget-heading\" data-id=\"398e40d\" data-element_type=\"widget\" data-e-type=\"widget\" data-widget_type=\"heading.default\">\n\t\t\t\t<div class=\"elementor-widget-container\">\n\t\t\t\t\t<h3 class=\"elementor-heading-title elementor-size-default\">Local favourites<\/h3>\t\t\t\t<\/div>\n\t\t\t\t<\/div>\n\t\t\t\t<div class=\"elementor-element elementor-element-1cedb533 elementor-align-center elementor-widget elementor-widget-button\" data-id=\"1cedb533\" data-element_type=\"widget\" data-e-type=\"widget\" data-widget_type=\"button.default\">\n\t\t\t\t<div class=\"elementor-widget-container\">\n\t\t\t\t\t\t\t\t\t<div class=\"elementor-button-wrapper\">\n\t\t\t\t\t<a class=\"elementor-button elementor-button-link elementor-size-sm\" href=\"https:\/\/chateaudesanges.com\/en\/destination\/activite-en-isere\/\">\n\t\t\t\t\t\t<span class=\"elementor-button-content-wrapper\">\n\t\t\t\t\t\t\t\t\t<span class=\"elementor-button-text\">See more<\/span>\n\t\t\t\t\t<\/span>\n\t\t\t\t\t<\/a>\n\t\t\t\t<\/div>\n\t\t\t\t\t\t\t\t<\/div>\n\t\t\t\t<\/div>\n\t\t\t\t\t<\/div>\n\t\t\t\t<\/div>\n\t\t\t\t\t<\/div>\n\t\t\t\t<\/div>\n\t\t\t\t\t<\/div>\n\t\t\t\t<\/div>\n\t\t<div class=\"elementor-element elementor-element-6e89e86 e-flex e-con-boxed e-con e-child\" data-id=\"6e89e86\" data-element_type=\"container\" data-e-type=\"container\">\n\t\t\t\t\t<div class=\"e-con-inner\">\n\t\t\t\t<div class=\"elementor-element elementor-element-3594b02e animated-slow elementor-invisible elementor-widget elementor-widget-image\" data-id=\"3594b02e\" data-element_type=\"widget\" data-e-type=\"widget\" data-settings=\"{&quot;_animation&quot;:&quot;fadeIn&quot;,&quot;_animation_delay&quot;:500}\" data-widget_type=\"image.default\">\n\t\t\t\t<div class=\"elementor-widget-container\">\n\t\t\t\t\t\t\t\t\t\t\t\t\t\t\t\t<a href=\"#\">\n\t\t\t\t\t\t\t<img decoding=\"async\" src=\"https:\/\/chateaudesanges.com\/wp-content\/uploads\/2025\/04\/GettyImages-1635751755-scaled.jpg\" title=\"\" alt=\"\" class=\"elementor-animation-sink\" loading=\"lazy\">\t\t\t\t\t\t\t\t<\/a>\n\t\t\t\t\t\t\t\t\t\t\t\t\t\t\t<\/div>\n\t\t\t\t<\/div>\n\t\t<div class=\"elementor-element elementor-element-6a1db972 e-flex e-con-boxed e-con e-child\" data-id=\"6a1db972\" data-element_type=\"container\" data-e-type=\"container\" data-settings=\"{&quot;background_background&quot;:&quot;classic&quot;}\">\n\t\t\t\t\t<div class=\"e-con-inner\">\n\t\t<div class=\"elementor-element elementor-element-d3c625a e-flex e-con-boxed e-con e-child\" data-id=\"d3c625a\" data-element_type=\"container\" data-e-type=\"container\" data-settings=\"{&quot;background_background&quot;:&quot;classic&quot;}\">\n\t\t\t\t\t<div class=\"e-con-inner\">\n\t\t\t\t<div class=\"elementor-element elementor-element-6e36d4e9 elementor-widget elementor-widget-heading\" data-id=\"6e36d4e9\" data-element_type=\"widget\" data-e-type=\"widget\" data-widget_type=\"heading.default\">\n\t\t\t\t<div class=\"elementor-widget-container\">\n\t\t\t\t\t<h3 class=\"elementor-heading-title elementor-size-default\">Picturesque escapades<\/h3>\t\t\t\t<\/div>\n\t\t\t\t<\/div>\n\t\t\t\t<div class=\"elementor-element elementor-element-13ca8a62 elementor-align-center elementor-widget elementor-widget-button\" data-id=\"13ca8a62\" data-element_type=\"widget\" data-e-type=\"widget\" data-widget_type=\"button.default\">\n\t\t\t\t<div class=\"elementor-widget-container\">\n\t\t\t\t\t\t\t\t\t<div class=\"elementor-button-wrapper\">\n\t\t\t\t\t<a class=\"elementor-button elementor-button-link elementor-size-sm\" href=\"https:\/\/chateaudesanges.com\/en\/destination\/sortir-en-isere\/\">\n\t\t\t\t\t\t<span class=\"elementor-button-content-wrapper\">\n\t\t\t\t\t\t\t\t\t<span class=\"elementor-button-text\">See more<\/span>\n\t\t\t\t\t<\/span>\n\t\t\t\t\t<\/a>\n\t\t\t\t<\/div>\n\t\t\t\t\t\t\t\t<\/div>\n\t\t\t\t<\/div>\n\t\t\t\t\t<\/div>\n\t\t\t\t<\/div>\n\t\t\t\t\t<\/div>\n\t\t\t\t<\/div>\n\t\t\t\t\t<\/div>\n\t\t\t\t<\/div>\n\t\t\t\t\t<\/div>\n\t\t\t\t<\/div>\n\t\t\t\t\t<\/div>\n\t\t\t\t<\/div>\n\t\t\t\t<\/div>","protected":false},"excerpt":{"rendered":"<p>D\u00e9couvrir la nature en Is\u00e8re :Les randonn\u00e9es incontournables autour de Saint-Just-de-Claix Randonn\u00e9e en Is\u00e8re Les sentiers incontournables autour de Saint-Just-de-Claix L\u2019Is\u00e8re est une terre de randonn\u00e9e par excellence, avec de nombreux sentiers qui serpentent \u00e0 travers des paysages \u00e0 couper le souffle. Que vous soyez un randonneur aguerri ou un amateur en qu\u00eate d\u2019une escapade [&hellip;]<\/p>\n","protected":false},"author":8,"featured_media":0,"parent":65,"menu_order":0,"comment_status":"closed","ping_status":"closed","template":"","meta":{"_acf_changed":false,"inline_featured_image":false,"footnotes":""},"class_list":["post-3787","page","type-page","status-publish","hentry"],"acf":[],"_links":{"self":[{"href":"https:\/\/chateaudesanges.com\/en\/wp-json\/wp\/v2\/pages\/3787","targetHints":{"allow":["GET"]}}],"collection":[{"href":"https:\/\/chateaudesanges.com\/en\/wp-json\/wp\/v2\/pages"}],"about":[{"href":"https:\/\/chateaudesanges.com\/en\/wp-json\/wp\/v2\/types\/page"}],"author":[{"embeddable":true,"href":"https:\/\/chateaudesanges.com\/en\/wp-json\/wp\/v2\/users\/8"}],"replies":[{"embeddable":true,"href":"https:\/\/chateaudesanges.com\/en\/wp-json\/wp\/v2\/comments?post=3787"}],"version-history":[{"count":58,"href":"https:\/\/chateaudesanges.com\/en\/wp-json\/wp\/v2\/pages\/3787\/revisions"}],"predecessor-version":[{"id":6481,"href":"https:\/\/chateaudesanges.com\/en\/wp-json\/wp\/v2\/pages\/3787\/revisions\/6481"}],"up":[{"embeddable":true,"href":"https:\/\/chateaudesanges.com\/en\/wp-json\/wp\/v2\/pages\/65"}],"wp:attachment":[{"href":"https:\/\/chateaudesanges.com\/en\/wp-json\/wp\/v2\/media?parent=3787"}],"curies":[{"name":"wp","href":"https:\/\/api.w.org\/{rel}","templated":true}]}}