{"id":1003,"date":"2023-07-10T10:03:29","date_gmt":"2023-07-10T08:03:29","guid":{"rendered":"https:\/\/chateaudesanges.com\/?page_id=1003"},"modified":"2025-08-05T16:52:13","modified_gmt":"2025-08-05T14:52:13","slug":"reservation-request","status":"publish","type":"page","link":"https:\/\/chateaudesanges.com\/en\/demande-reservation\/","title":{"rendered":"Reservation"},"content":{"rendered":"\t\t<div data-elementor-type=\"wp-page\" data-elementor-id=\"1003\" class=\"elementor elementor-1003\" data-elementor-post-type=\"page\">\n\t\t\t\t<div class=\"elementor-element elementor-element-074881a e-con-full e-flex e-con e-parent\" data-id=\"074881a\" data-element_type=\"container\" data-e-type=\"container\" id=\"top\" data-settings=\"{&quot;background_background&quot;:&quot;classic&quot;}\">\n\t\t\t\t<div class=\"elementor-element elementor-element-e5628e2 elementor-widget elementor-widget-heading\" data-id=\"e5628e2\" data-element_type=\"widget\" data-e-type=\"widget\" data-widget_type=\"heading.default\">\n\t\t\t\t<div class=\"elementor-widget-container\">\n\t\t\t\t\t<span class=\"elementor-heading-title elementor-size-default\">Demande de contact<\/span>\t\t\t\t<\/div>\n\t\t\t\t<\/div>\n\t\t\t\t<\/div>\n\t\t<div class=\"elementor-element elementor-element-c196ebe e-con-full e-flex e-con e-parent\" data-id=\"c196ebe\" data-element_type=\"container\" data-e-type=\"container\" data-settings=\"{&quot;background_background&quot;:&quot;classic&quot;}\">\n\t\t<div class=\"elementor-element elementor-element-a448c43 e-con-full e-flex e-con e-child\" data-id=\"a448c43\" data-element_type=\"container\" data-e-type=\"container\">\n\t\t<div class=\"elementor-element elementor-element-2cd6749 e-con-full e-flex e-con e-child\" data-id=\"2cd6749\" data-element_type=\"container\" data-e-type=\"container\" data-settings=\"{&quot;background_background&quot;:&quot;classic&quot;}\">\n\t\t\t\t<div class=\"elementor-element elementor-element-9c02563 elementor-widget elementor-widget-heading\" data-id=\"9c02563\" data-element_type=\"widget\" data-e-type=\"widget\" data-widget_type=\"heading.default\">\n\t\t\t\t<div class=\"elementor-widget-container\">\n\t\t\t\t\t<h3 class=\"elementor-heading-title elementor-size-default\">Faites de votre \u00e9v\u00e9nement un moment inoubliable au Ch\u00e2teau des Anges<\/h3>\t\t\t\t<\/div>\n\t\t\t\t<\/div>\n\t\t\t\t<div class=\"elementor-element elementor-element-c94c684 elementor-widget-divider--separator-type-pattern elementor-widget-divider--view-line elementor-widget elementor-widget-divider\" data-id=\"c94c684\" data-element_type=\"widget\" data-e-type=\"widget\" data-widget_type=\"divider.default\">\n\t\t\t\t<div class=\"elementor-widget-container\">\n\t\t\t\t\t\t\t<div class=\"elementor-divider\" style=\"--divider-pattern-url: url(&quot;data:image\/svg+xml,%3Csvg xmlns=&#039;http:\/\/www.w3.org\/2000\/svg&#039; preserveAspectRatio=&#039;none&#039; overflow=&#039;visible&#039; height=&#039;100%&#039; viewBox=&#039;0 0 24 24&#039; fill=&#039;none&#039; stroke=&#039;black&#039; stroke-width=&#039;1&#039; stroke-linecap=&#039;square&#039; stroke-miterlimit=&#039;10&#039;%3E%3Cpath d=&#039;M0,6c6,0,6,13,12,13S18,6,24,6&#039;\/%3E%3C\/svg%3E&quot;);\">\n\t\t\t<span class=\"elementor-divider-separator\">\n\t\t\t\t\t\t<\/span>\n\t\t<\/div>\n\t\t\t\t\t\t<\/div>\n\t\t\t\t<\/div>\n\t\t\t\t<div class=\"elementor-element elementor-element-de086cd elementor-widget elementor-widget-text-editor\" data-id=\"de086cd\" data-element_type=\"widget\" data-e-type=\"widget\" data-widget_type=\"text-editor.default\">\n\t\t\t\t<div class=\"elementor-widget-container\">\n\t\t\t\t\t\t\t\t\t<p class=\"\" data-start=\"99\" data-end=\"381\">Que ce soit pour un mariage, une f\u00eate priv\u00e9e ou un \u00e9v\u00e9nement professionnel, le Ch\u00e2teau des Anges vous offre un cadre unique et raffin\u00e9. Notre \u00e9quipe est \u00e0 votre \u00e9coute pour cr\u00e9er l&rsquo;\u00e9v\u00e9nement de vos r\u00eaves, qu\u2019il s\u2019agisse d\u2019un mariage, d\u2019un bapt\u00eame, d\u2019une cousinade ou d\u2019un s\u00e9minaire. Nous proposons des espaces modulables et un service personnalis\u00e9 pour garantir le succ\u00e8s de votre \u00e9v\u00e9nement.<\/p><p data-start=\"99\" data-end=\"381\">\u00a0<\/p><p class=\"\" data-start=\"493\" data-end=\"665\"><strong data-start=\"493\" data-end=\"568\">Pour toute demande ou r\u00e9servation, remplissez le formulaire ci-dessous.<\/strong> Nous vous r\u00e9pondrons rapidement pour discuter de vos besoins et vous faire une offre sur mesure.<\/p>\t\t\t\t\t\t\t\t<\/div>\n\t\t\t\t<\/div>\n\t\t\t\t<\/div>\n\t\t\t\t<div class=\"elementor-element elementor-element-3d7d481 elementor-widget-tablet__width-inherit elementor-widget elementor-widget-form\" data-id=\"3d7d481\" data-element_type=\"widget\" data-e-type=\"widget\" data-settings=\"{&quot;button_width&quot;:&quot;50&quot;,&quot;step_next_label&quot;:&quot;Suivant&quot;,&quot;step_previous_label&quot;:&quot;Pr\\u00e9c\\u00e9dent&quot;,&quot;step_type&quot;:&quot;number_text&quot;,&quot;step_icon_shape&quot;:&quot;circle&quot;}\" data-widget_type=\"form.default\">\n\t\t\t\t<div class=\"elementor-widget-container\">\n\t\t\t\t\t\t\t<form class=\"elementor-form\" method=\"post\" name=\"Formulaire de contact\" aria-label=\"Formulaire de contact\">\n\t\t\t<input type=\"hidden\" name=\"post_id\" value=\"1003\"\/>\n\t\t\t<input type=\"hidden\" name=\"form_id\" value=\"3d7d481\"\/>\n\t\t\t<input type=\"hidden\" name=\"referer_title\" value=\"R\u00e9servation | Ch\u00e2teau des Anges | Domaine d&#039;exception en Is\u00e8re\" \/>\n\n\t\t\t\t\t\t\t<input type=\"hidden\" name=\"queried_id\" value=\"1003\"\/>\n\t\t\t\n\t\t\t<div class=\"elementor-form-fields-wrapper elementor-labels-above\">\n\t\t\t\t\t\t\t\t<div class=\"elementor-field-type-date elementor-field-group elementor-column elementor-field-group-field_77610d0 elementor-col-50 elementor-field-required elementor-mark-required\">\n\t\t\t\t\t\t\t\t\t\t\t\t<label for=\"form-field-field_77610d0\" class=\"elementor-field-label\">\n\t\t\t\t\t\t\t\tDate d'arriv\u00e9e\t\t\t\t\t\t\t<\/label>\n\t\t\t\t\t\t\n\t\t<input type=\"date\" name=\"form_fields[field_77610d0]\" id=\"form-field-field_77610d0\" class=\"elementor-field elementor-size-sm  elementor-field-textual elementor-date-field\" required=\"required\" pattern=\"[0-9]{4}-[0-9]{2}-[0-9]{2}\">\n\t\t\t\t\t\t<\/div>\n\t\t\t\t\t\t\t\t<div class=\"elementor-field-type-date elementor-field-group elementor-column elementor-field-group-field_f5361a8 elementor-col-50 elementor-field-required elementor-mark-required\">\n\t\t\t\t\t\t\t\t\t\t\t\t<label for=\"form-field-field_f5361a8\" class=\"elementor-field-label\">\n\t\t\t\t\t\t\t\tDate de d\u00e9part\t\t\t\t\t\t\t<\/label>\n\t\t\t\t\t\t\n\t\t<input type=\"date\" name=\"form_fields[field_f5361a8]\" id=\"form-field-field_f5361a8\" class=\"elementor-field elementor-size-sm  elementor-field-textual elementor-date-field\" required=\"required\" pattern=\"[0-9]{4}-[0-9]{2}-[0-9]{2}\">\n\t\t\t\t\t\t<\/div>\n\t\t\t\t\t\t\t\t<div class=\"elementor-field-type-select elementor-field-group elementor-column elementor-field-group-field_a9abba4 elementor-col-100 elementor-field-required elementor-mark-required\">\n\t\t\t\t\t\t\t\t\t\t\t\t<label for=\"form-field-field_a9abba4\" class=\"elementor-field-label\">\n\t\t\t\t\t\t\t\tType d'\u00e9v\u00e8nement\t\t\t\t\t\t\t<\/label>\n\t\t\t\t\t\t\t\t<div class=\"elementor-field elementor-select-wrapper remove-before \">\n\t\t\t<div class=\"select-caret-down-wrapper\">\n\t\t\t\t<i aria-hidden=\"true\" class=\"eicon-caret-down\"><\/i>\t\t\t<\/div>\n\t\t\t<select name=\"form_fields[field_a9abba4]\" id=\"form-field-field_a9abba4\" class=\"elementor-field-textual elementor-size-sm\" required=\"required\">\n\t\t\t\t\t\t\t\t\t<option value=\"Mariage\">Mariage<\/option>\n\t\t\t\t\t\t\t\t\t<option value=\"S\u00e9minaire\">S\u00e9minaire<\/option>\n\t\t\t\t\t\t\t\t\t<option value=\"Team Building\">Team Building<\/option>\n\t\t\t\t\t\t\t\t\t<option value=\"Conf\u00e9rence\">Conf\u00e9rence<\/option>\n\t\t\t\t\t\t\t\t\t<option value=\"Anniversaire\">Anniversaire<\/option>\n\t\t\t\t\t\t\t\t\t<option value=\"Ev\u00e8nement familial\">Ev\u00e8nement familial<\/option>\n\t\t\t\t\t\t\t\t\t<option value=\"Soir\u00e9e priv\u00e9e\">Soir\u00e9e priv\u00e9e<\/option>\n\t\t\t\t\t\t\t<\/select>\n\t\t<\/div>\n\t\t\t\t\t\t<\/div>\n\t\t\t\t\t\t\t\t<div class=\"elementor-field-type-checkbox elementor-field-group elementor-column elementor-field-group-hebergement elementor-col-100\">\n\t\t\t\t\t\t\t\t\t\t\t\t<label for=\"form-field-hebergement\" class=\"elementor-field-label\">\n\t\t\t\t\t\t\t\tH\u00e9b\u00e9rgement\t\t\t\t\t\t\t<\/label>\n\t\t\t\t\t\t<div class=\"elementor-field-subgroup  elementor-subgroup-inline\"><span class=\"elementor-field-option\"><input type=\"checkbox\" value=\"Je ne souhaite pas \u00eatre h\u00e9berg\u00e9\" id=\"form-field-hebergement-0\" name=\"form_fields[hebergement][]\"> <label for=\"form-field-hebergement-0\">Je ne souhaite pas \u00eatre h\u00e9berg\u00e9<\/label><\/span><span class=\"elementor-field-option\"><input type=\"checkbox\" value=\"Suite nuptiale (2 pax)\" id=\"form-field-hebergement-1\" name=\"form_fields[hebergement][]\"> <label for=\"form-field-hebergement-1\">Suite nuptiale (2 pax)<\/label><\/span><span class=\"elementor-field-option\"><input type=\"checkbox\" value=\"Dortoirs (30 pax)\" id=\"form-field-hebergement-2\" name=\"form_fields[hebergement][]\"> <label for=\"form-field-hebergement-2\">Dortoirs (30 pax)<\/label><\/span><span class=\"elementor-field-option\"><input type=\"checkbox\" value=\"Chambres (27 pax)\" id=\"form-field-hebergement-3\" name=\"form_fields[hebergement][]\"> <label for=\"form-field-hebergement-3\">Chambres (27 pax)<\/label><\/span><span class=\"elementor-field-option\"><input type=\"checkbox\" value=\"G\u00eete 1 (6 pax)\" id=\"form-field-hebergement-4\" name=\"form_fields[hebergement][]\"> <label for=\"form-field-hebergement-4\">G\u00eete 1 (6 pax)<\/label><\/span><span class=\"elementor-field-option\"><input type=\"checkbox\" value=\"G\u00eete 2 (6 pax)\" id=\"form-field-hebergement-5\" name=\"form_fields[hebergement][]\"> <label for=\"form-field-hebergement-5\">G\u00eete 2 (6 pax)<\/label><\/span><\/div>\t\t\t\t<\/div>\n\t\t\t\t\t\t\t\t<div class=\"elementor-field-type-number elementor-field-group elementor-column elementor-field-group-field_537266e elementor-col-50\">\n\t\t\t\t\t\t\t\t\t\t\t\t<label for=\"form-field-field_537266e\" class=\"elementor-field-label\">\n\t\t\t\t\t\t\t\tNombre d'adultes\t\t\t\t\t\t\t<\/label>\n\t\t\t\t\t\t\t\t\t<input type=\"number\" name=\"form_fields[field_537266e]\" id=\"form-field-field_537266e\" class=\"elementor-field elementor-size-sm  elementor-field-textual\" min=\"\" max=\"\" >\n\t\t\t\t\t\t<\/div>\n\t\t\t\t\t\t\t\t<div class=\"elementor-field-type-number elementor-field-group elementor-column elementor-field-group-field_afdeb45 elementor-col-50\">\n\t\t\t\t\t\t\t\t\t\t\t\t<label for=\"form-field-field_afdeb45\" class=\"elementor-field-label\">\n\t\t\t\t\t\t\t\tNombre d'enfants\t\t\t\t\t\t\t<\/label>\n\t\t\t\t\t\t\t\t\t<input type=\"number\" name=\"form_fields[field_afdeb45]\" id=\"form-field-field_afdeb45\" class=\"elementor-field elementor-size-sm  elementor-field-textual\" min=\"\" max=\"\" >\n\t\t\t\t\t\t<\/div>\n\t\t\t\t\t\t\t\t<div class=\"elementor-field-type-text elementor-field-group elementor-column elementor-field-group-name elementor-col-50\">\n\t\t\t\t\t\t\t\t\t\t\t\t<label for=\"form-field-name\" class=\"elementor-field-label\">\n\t\t\t\t\t\t\t\tPr\u00e9nom\t\t\t\t\t\t\t<\/label>\n\t\t\t\t\t\t\t\t\t\t\t\t\t\t<input size=\"1\" type=\"text\" name=\"form_fields[name]\" id=\"form-field-name\" class=\"elementor-field elementor-size-sm  elementor-field-textual\">\n\t\t\t\t\t\t\t\t\t\t\t<\/div>\n\t\t\t\t\t\t\t\t<div class=\"elementor-field-type-text elementor-field-group elementor-column elementor-field-group-field_8703dc6 elementor-col-50 elementor-field-required elementor-mark-required\">\n\t\t\t\t\t\t\t\t\t\t\t\t<label for=\"form-field-field_8703dc6\" class=\"elementor-field-label\">\n\t\t\t\t\t\t\t\tNom\t\t\t\t\t\t\t<\/label>\n\t\t\t\t\t\t\t\t\t\t\t\t\t\t<input size=\"1\" type=\"text\" name=\"form_fields[field_8703dc6]\" id=\"form-field-field_8703dc6\" class=\"elementor-field elementor-size-sm  elementor-field-textual\" required=\"required\">\n\t\t\t\t\t\t\t\t\t\t\t<\/div>\n\t\t\t\t\t\t\t\t<div class=\"elementor-field-type-email elementor-field-group elementor-column elementor-field-group-email elementor-col-50 elementor-field-required elementor-mark-required\">\n\t\t\t\t\t\t\t\t\t\t\t\t<label for=\"form-field-email\" class=\"elementor-field-label\">\n\t\t\t\t\t\t\t\tE-mail\t\t\t\t\t\t\t<\/label>\n\t\t\t\t\t\t\t\t\t\t\t\t\t\t<input size=\"1\" type=\"email\" name=\"form_fields[email]\" id=\"form-field-email\" class=\"elementor-field elementor-size-sm  elementor-field-textual\" required=\"required\">\n\t\t\t\t\t\t\t\t\t\t\t<\/div>\n\t\t\t\t\t\t\t\t<div class=\"elementor-field-type-tel elementor-field-group elementor-column elementor-field-group-field_2a53bfa elementor-col-50\">\n\t\t\t\t\t\t\t\t\t\t\t\t<label for=\"form-field-field_2a53bfa\" class=\"elementor-field-label\">\n\t\t\t\t\t\t\t\tTel\t\t\t\t\t\t\t<\/label>\n\t\t\t\t\t\t\t\t<input size=\"1\" type=\"tel\" name=\"form_fields[field_2a53bfa]\" id=\"form-field-field_2a53bfa\" class=\"elementor-field elementor-size-sm  elementor-field-textual\" pattern=\"[0-9()#&amp;+*-=.]+\" title=\"Seuls les caract\u00e8res de num\u00e9ros de t\u00e9l\u00e9phone (#, -, *, etc.) sont accept\u00e9s.\">\n\n\t\t\t\t\t\t<\/div>\n\t\t\t\t\t\t\t\t<div class=\"elementor-field-type-textarea elementor-field-group elementor-column elementor-field-group-field_0a38f0a elementor-col-100 elementor-field-required elementor-mark-required\">\n\t\t\t\t\t\t\t\t\t\t\t\t<label for=\"form-field-field_0a38f0a\" class=\"elementor-field-label\">\n\t\t\t\t\t\t\t\tVotre demande\t\t\t\t\t\t\t<\/label>\n\t\t\t\t\t\t<textarea class=\"elementor-field-textual elementor-field  elementor-size-sm\" name=\"form_fields[field_0a38f0a]\" id=\"form-field-field_0a38f0a\" rows=\"4\" required=\"required\"><\/textarea>\t\t\t\t<\/div>\n\t\t\t\t\t\t\t\t<div class=\"elementor-field-type-acceptance elementor-field-group elementor-column elementor-field-group-field_580d704 elementor-col-100 elementor-field-required elementor-mark-required\">\n\t\t\t\t\t\t\t\t\t\t\t\t<label for=\"form-field-field_580d704\" class=\"elementor-field-label\">\n\t\t\t\t\t\t\t\tconsent\t\t\t\t\t\t\t<\/label>\n\t\t\t\t\t\t\t\t<div class=\"elementor-field-subgroup\">\n\t\t\t<span class=\"elementor-field-option\">\n\t\t\t\t<input type=\"checkbox\" name=\"form_fields[field_580d704]\" id=\"form-field-field_580d704\" class=\"elementor-field elementor-size-sm  elementor-acceptance-field\" required=\"required\">\n\t\t\t\t<label for=\"form-field-field_580d704\">Oui je donne mon consentement *<\/label>\t\t\t<\/span>\n\t\t<\/div>\n\t\t\t\t\t\t<\/div>\n\t\t\t\t\t\t\t\t<div class=\"elementor-field-type-recaptcha_v3 elementor-field-group elementor-column elementor-field-group-field_932f02b elementor-col-100 recaptcha_v3-bottomright\">\n\t\t\t\t\t<div class=\"elementor-field\" id=\"form-field-field_932f02b\"><div class=\"elementor-g-recaptcha\" data-sitekey=\"6LcsYBgrAAAAALegwoVMBdVi1FOx_NBqWAGhmugJ\" data-type=\"v3\" data-action=\"Form\" data-badge=\"bottomright\" data-size=\"invisible\"><\/div><\/div>\t\t\t\t<\/div>\n\t\t\t\t\t\t\t\t<div class=\"elementor-field-type-html elementor-field-group elementor-column elementor-field-group-field_4fae223 elementor-col-100\">\n\t\t\t\t\t<div class=\"elementor-text-editor elementor-clearfix\">\n\t\t\t\t<p>*Champs obligatoires. Ces informations restent confidentielles et ne seront jamais diffus\u00e9es \u00e0 quelque organisme que ce soit.<\/p><p>**En soumettant ce formulaire, j\u2019accepte que les informations saisies dans ce formulaire soient utilis\u00e9es et trait\u00e9es pour permettre de me recontacter, dans le cadre de ma demande d\u2019informations, que ce soit par mail, ou t\u00e9l\u00e9phone. Pour conna\u00eetre et exercer vos droits, notamment de retrait de consentement \u00e0 l\u2019utilisation de donn\u00e9es collect\u00e9es par ce formulaire. Veuillez consulter notre politique de confidentialit\u00e9. <a href=\"https:\/\/chateaudesanges.com\/mentions-legales\/\"><span>Mentions l\u00e9gales<\/span><\/a><\/p><p>Ce site est prot\u00e9g\u00e9 par reCAPTCHA \u2013 <a href=\"https:\/\/policies.google.com\/privacy\" target=\"_blank\" rel=\"nofollow noopener\"><span>la politique de confidentialit\u00e9<\/span><\/a> et <a href=\"https:\/\/policies.google.com\/terms\" target=\"_blank\" rel=\"nofollow noopener\"><span>les conditions de service<\/span><\/a> de Google s\u2019appliquent.<\/p>\t\t\t\t\t<\/div>\t\t\t\t<\/div>\n\t\t\t\t\t\t\t\t<div class=\"elementor-field-group elementor-column elementor-field-type-submit elementor-col-50 e-form__buttons\">\n\t\t\t\t\t<button class=\"elementor-button elementor-size-sm\" type=\"submit\">\n\t\t\t\t\t\t<span class=\"elementor-button-content-wrapper\">\n\t\t\t\t\t\t\t\t\t\t\t\t\t\t\t\t\t\t\t\t\t\t<span class=\"elementor-button-text\">Envoyer<\/span>\n\t\t\t\t\t\t\t\t\t\t\t\t\t<\/span>\n\t\t\t\t\t<\/button>\n\t\t\t\t<\/div>\n\t\t\t<\/div>\n\t\t<\/form>\n\t\t\t\t\t\t<\/div>\n\t\t\t\t<\/div>\n\t\t\t\t<\/div>\n\t\t\t\t<\/div>\n\t\t\t\t<\/div>\n\t\t","protected":false},"excerpt":{"rendered":"<p>Demande de contact Faites de votre \u00e9v\u00e9nement un moment inoubliable au Ch\u00e2teau des Anges Que ce soit pour un mariage, une f\u00eate priv\u00e9e ou un \u00e9v\u00e9nement professionnel, le Ch\u00e2teau des Anges vous offre un cadre unique et raffin\u00e9. Notre \u00e9quipe est \u00e0 votre \u00e9coute pour cr\u00e9er l&rsquo;\u00e9v\u00e9nement de vos r\u00eaves, qu\u2019il s\u2019agisse d\u2019un mariage, d\u2019un [&hellip;]<\/p>\n","protected":false},"author":13,"featured_media":0,"parent":0,"menu_order":0,"comment_status":"closed","ping_status":"closed","template":"","meta":{"_acf_changed":false,"inline_featured_image":false,"footnotes":""},"class_list":["post-1003","page","type-page","status-publish","hentry"],"acf":[],"_links":{"self":[{"href":"https:\/\/chateaudesanges.com\/en\/wp-json\/wp\/v2\/pages\/1003","targetHints":{"allow":["GET"]}}],"collection":[{"href":"https:\/\/chateaudesanges.com\/en\/wp-json\/wp\/v2\/pages"}],"about":[{"href":"https:\/\/chateaudesanges.com\/en\/wp-json\/wp\/v2\/types\/page"}],"author":[{"embeddable":true,"href":"https:\/\/chateaudesanges.com\/en\/wp-json\/wp\/v2\/users\/13"}],"replies":[{"embeddable":true,"href":"https:\/\/chateaudesanges.com\/en\/wp-json\/wp\/v2\/comments?post=1003"}],"version-history":[{"count":321,"href":"https:\/\/chateaudesanges.com\/en\/wp-json\/wp\/v2\/pages\/1003\/revisions"}],"predecessor-version":[{"id":6707,"href":"https:\/\/chateaudesanges.com\/en\/wp-json\/wp\/v2\/pages\/1003\/revisions\/6707"}],"wp:attachment":[{"href":"https:\/\/chateaudesanges.com\/en\/wp-json\/wp\/v2\/media?parent=1003"}],"curies":[{"name":"wp","href":"https:\/\/api.w.org\/{rel}","templated":true}]}}